{"id":1658,"date":"2024-11-22T13:05:53","date_gmt":"2024-11-22T13:05:53","guid":{"rendered":"https:\/\/beta.adm.dental\/kosik\/"},"modified":"2025-04-30T14:56:18","modified_gmt":"2025-04-30T14:56:18","slug":"kosik","status":"publish","type":"page","link":"https:\/\/adm.dental\/cs\/kosik\/","title":{"rendered":"Ko\u0161\u00edk"},"content":{"rendered":"\n<div data-block-name=\"woocommerce\/cart\" class=\"wp-block-woocommerce-cart alignwide is-loading\">\n<div data-block-name=\"woocommerce\/filled-cart-block\" class=\"wp-block-woocommerce-filled-cart-block alignwide\">\n<div data-block-name=\"woocommerce\/cart-items-block\" class=\"wp-block-woocommerce-cart-items-block\">\n<div data-block-name=\"woocommerce\/cart-line-items-block\" class=\"wp-block-woocommerce-cart-line-items-block\"><\/div>\n\n\n\n<div data-block-name=\"woocommerce\/cart-cross-sells-block\" class=\"wp-block-woocommerce-cart-cross-sells-block\">\n<h2 class=\"wp-block-heading has-medium-font-size\">Mohlo by v\u00e1s zaj\u00edmat&#8230;<\/h2>\n\n\n\n<div data-block-name=\"woocommerce\/cart-cross-sells-products-block\" class=\"wp-block-woocommerce-cart-cross-sells-products-block\"><\/div>\n<\/div>\n<\/div>\n\n\n\n<div data-block-name=\"woocommerce\/cart-totals-block\" class=\"wp-block-woocommerce-cart-totals-block\">\n<div data-block-name=\"woocommerce\/cart-order-summary-block\" class=\"wp-block-woocommerce-cart-order-summary-block\">\n<div data-block-name=\"woocommerce\/cart-order-summary-heading-block\" class=\"wp-block-woocommerce-cart-order-summary-heading-block\"><\/div>\n\n\n\n<div data-block-name=\"woocommerce\/cart-order-summary-coupon-form-block\" class=\"wp-block-woocommerce-cart-order-summary-coupon-form-block\"><\/div>\n\n\n\n<div data-block-name=\"woocommerce\/cart-order-summary-totals-block\" class=\"wp-block-woocommerce-cart-order-summary-totals-block\">\n<div data-block-name=\"woocommerce\/cart-order-summary-subtotal-block\" class=\"wp-block-woocommerce-cart-order-summary-subtotal-block\"><\/div>\n\n\n\n<div data-block-name=\"woocommerce\/cart-order-summary-fee-block\" class=\"wp-block-woocommerce-cart-order-summary-fee-block\"><\/div>\n\n\n\n<div data-block-name=\"woocommerce\/cart-order-summary-discount-block\" class=\"wp-block-woocommerce-cart-order-summary-discount-block\"><\/div>\n\n\n\n<div data-block-name=\"woocommerce\/cart-order-summary-shipping-block\" class=\"wp-block-woocommerce-cart-order-summary-shipping-block\"><\/div>\n\n\n\n<div data-block-name=\"woocommerce\/cart-order-summary-taxes-block\" class=\"wp-block-woocommerce-cart-order-summary-taxes-block\"><\/div>\n<\/div>\n\n\n\n<div class=\"ct-shipping-progress-shortcode\"><\/div>\n\n\n<\/div>\n\n\n\n\n\n<div data-block-name=\"woocommerce\/cart-express-payment-block\" data-show-button-styles=\"true\" class=\"wp-block-woocommerce-cart-express-payment-block\"><\/div>\n\n\n\n<div data-block-name=\"woocommerce\/proceed-to-checkout-block\" class=\"wp-block-woocommerce-proceed-to-checkout-block\"><\/div>\n<div id=\"ppcp-recaptcha-v2-container\" style=\"margin:20px 0;\"><\/div>\n\n\n<div data-block-name=\"woocommerce\/cart-accepted-payment-methods-block\" class=\"wp-block-woocommerce-cart-accepted-payment-methods-block\"><\/div>\n<\/div>\n<\/div>\n\n\n\n<div data-block-name=\"woocommerce\/empty-cart-block\" class=\"wp-block-woocommerce-empty-cart-block alignwide\">\n<h2 class=\"wp-block-heading has-text-align-center with-empty-cart-icon wc-block-cart__empty-cart__title\">V\u00e1\u0161 ko\u0161\u00edk je moment\u00e1ln\u011b pr\u00e1zdn\u00fd!<\/h2>\n\n\n\n<p class=\"has-text-align-center\"><a href=\"https:\/\/adm.dental\/shop\/\">Browse store<\/a><\/p>\n\n\n\n<hr class=\"wp-block-separator has-alpha-channel-opacity is-style-dots\"\/>\n\n\n\n<h2 class=\"wp-block-heading has-text-align-center has-large-font-size\" style=\"margin-top:var(--wp--preset--spacing--40);margin-bottom:var(--wp--preset--spacing--60)\">Most popular products<\/h2>\n\n\n<div class=\"woocommerce columns-3 \"><ul class=\"products columns-3\" data-products=\"type-2\" data-hover=\"zoom-in\">\n<li class=\"product type-product post-4486 status-publish first instock product_cat-dlahy product_tag-splinting-cs has-post-thumbnail taxable shipping-taxable purchasable product-type-variable\">\n\t<a href=\"https:\/\/adm.dental\/cs\/produkt\/dentapreg-sfm\/\" class=\"woocommerce-LoopProduct-link woocommerce-loop-product__link\"><img loading=\"lazy\" decoding=\"async\" width=\"300\" height=\"300\" src=\"https:\/\/adm.dental\/wp-content\/uploads\/2024\/10\/Splinting-01-fb12cc1a-300x300.webp\" class=\"attachment-woocommerce_thumbnail size-woocommerce_thumbnail\" alt=\"Dentapreg SFM\" srcset=\"https:\/\/adm.dental\/wp-content\/uploads\/2024\/10\/Splinting-01-fb12cc1a-300x300.webp 300w, https:\/\/adm.dental\/wp-content\/uploads\/2024\/10\/Splinting-01-fb12cc1a-100x100.webp 100w, https:\/\/adm.dental\/wp-content\/uploads\/2024\/10\/Splinting-01-fb12cc1a-150x150.webp 150w\" sizes=\"auto, (max-width: 300px) 100vw, 300px\" \/><h2 class=\"woocommerce-loop-product__title\">Dentapreg\u00ae SFM<\/h2>\n\t<span class=\"price\"><span class=\"woocommerce-Price-amount amount\" aria-hidden=\"true\"><bdi><span class=\"woocommerce-Price-currencySymbol\">&#36;<\/span>132<\/bdi><\/span> <span aria-hidden=\"true\">&ndash;<\/span> <span class=\"woocommerce-Price-amount amount\" aria-hidden=\"true\"><bdi><span class=\"woocommerce-Price-currencySymbol\">&#36;<\/span>482<\/bdi><\/span><span class=\"screen-reader-text\">Rozp\u011bt\u00ed cen: &#36;132 a\u017e &#36;482<\/span><\/span>\n<\/a><a href=\"https:\/\/adm.dental\/cs\/produkt\/dentapreg-sfm\/\" aria-describedby=\"woocommerce_loop_add_to_cart_link_describedby_4486\" data-quantity=\"1\" class=\"button product_type_variable add_to_cart_button\" data-product_id=\"4486\" data-product_sku=\"\" aria-label=\"Vyberte nastaven\u00ed pro &bdquo;Dentapreg\u00ae SFM&ldquo;\" rel=\"nofollow\">V\u00fdb\u011br mo\u017enost\u00ed<\/a>\t<span id=\"woocommerce_loop_add_to_cart_link_describedby_4486\" class=\"screen-reader-text\">\n\t\tTento produkt m\u00e1 v\u00edce variant. Varianty lze vybrat na str\u00e1nce produktu \t<\/span>\n\t\t\t<input type=\"hidden\" class=\"pmwProductId\" data-id=\"4486\">\n\t\t\t\t\t<script>\n\t\t\t(window.pmwDataLayer = window.pmwDataLayer || {}).products                = window.pmwDataLayer.products || {};\n\t\t\twindow.pmwDataLayer.products[4486] = {\"id\":\"4486\",\"sku\":\"\",\"price\":141,\"brand\":\"\",\"quantity\":1,\"dyn_r_ids\":{\"post_id\":\"4486\",\"sku\":4486,\"gpf\":\"woocommerce_gpf_4486\",\"gla\":\"gla_4486\"},\"is_variable\":true,\"type\":\"variable\",\"name\":\"Dentapreg\u00ae SFM\",\"category\":[\"Dlahy\"],\"is_variation\":false};\n\t\t\t\t\twindow.pmw_product_position = window.pmw_product_position || 1;\n\t\twindow.pmwDataLayer.products[4486]['position'] = window.pmw_product_position++;\n\t\t\t\t<\/script>\n\t\t<\/li>\n<li class=\"product type-product post-4501 status-publish instock product_cat-korunky product_tag-crown-retention-cs has-post-thumbnail sale taxable shipping-taxable purchasable product-type-variable\">\n\t<a href=\"https:\/\/adm.dental\/cs\/produkt\/dentapreg-pinpost\/\" class=\"woocommerce-LoopProduct-link woocommerce-loop-product__link\">\n\t<span class=\"onsale\" data-shape=\"type-2\">SLEVA<\/span>\n\t<img loading=\"lazy\" decoding=\"async\" width=\"300\" height=\"300\" src=\"https:\/\/adm.dental\/wp-content\/uploads\/2025\/02\/Crown-Retention-ed6799a7-300x300.webp\" class=\"attachment-woocommerce_thumbnail size-woocommerce_thumbnail\" alt=\"Zpevn\u011bn\u00ed n\u00e1hrady pomoc\u00ed Dentapreg\u00ae MESH\" srcset=\"https:\/\/adm.dental\/wp-content\/uploads\/2025\/02\/Crown-Retention-ed6799a7-300x300.webp 300w, https:\/\/adm.dental\/wp-content\/uploads\/2025\/02\/Crown-Retention-ed6799a7-150x150.webp 150w, https:\/\/adm.dental\/wp-content\/uploads\/2025\/02\/Crown-Retention-ed6799a7-100x100.webp 100w\" sizes=\"auto, (max-width: 300px) 100vw, 300px\" \/><h2 class=\"woocommerce-loop-product__title\">Dentapreg\u00ae PINPOST<\/h2>\n\t<span class=\"price\"><span class=\"woocommerce-Price-amount amount\" aria-hidden=\"true\"><bdi><span class=\"woocommerce-Price-currencySymbol\">&#36;<\/span>49<\/bdi><\/span> <span aria-hidden=\"true\">&ndash;<\/span> <span class=\"woocommerce-Price-amount amount\" aria-hidden=\"true\"><bdi><span class=\"woocommerce-Price-currencySymbol\">&#36;<\/span>218<\/bdi><\/span><span class=\"screen-reader-text\">Rozp\u011bt\u00ed cen: &#36;49 a\u017e &#36;218<\/span><\/span>\n<\/a><a href=\"https:\/\/adm.dental\/cs\/produkt\/dentapreg-pinpost\/\" aria-describedby=\"woocommerce_loop_add_to_cart_link_describedby_4501\" data-quantity=\"1\" class=\"button product_type_variable add_to_cart_button\" data-product_id=\"4501\" data-product_sku=\"\" aria-label=\"Vyberte nastaven\u00ed pro &bdquo;Dentapreg\u00ae PINPOST&ldquo;\" rel=\"nofollow\">V\u00fdb\u011br mo\u017enost\u00ed<\/a>\t<span id=\"woocommerce_loop_add_to_cart_link_describedby_4501\" class=\"screen-reader-text\">\n\t\tTento produkt m\u00e1 v\u00edce variant. Varianty lze vybrat na str\u00e1nce produktu \t<\/span>\n\t\t\t<input type=\"hidden\" class=\"pmwProductId\" data-id=\"4501\">\n\t\t\t\t\t<script>\n\t\t\t(window.pmwDataLayer = window.pmwDataLayer || {}).products                = window.pmwDataLayer.products || {};\n\t\t\twindow.pmwDataLayer.products[4501] = {\"id\":\"4501\",\"sku\":\"\",\"price\":233,\"brand\":\"\",\"quantity\":1,\"dyn_r_ids\":{\"post_id\":\"4501\",\"sku\":4501,\"gpf\":\"woocommerce_gpf_4501\",\"gla\":\"gla_4501\"},\"is_variable\":true,\"type\":\"variable\",\"name\":\"Dentapreg\u00ae PINPOST\",\"category\":[\"Korunky\"],\"is_variation\":false};\n\t\t\t\t\twindow.pmw_product_position = window.pmw_product_position || 1;\n\t\twindow.pmwDataLayer.products[4501]['position'] = window.pmw_product_position++;\n\t\t\t\t<\/script>\n\t\t<\/li>\n<li class=\"product type-product post-4327 status-publish last instock product_cat-kompozity product_tag-membrane-bulk-fill-doses-cs has-post-thumbnail downloadable taxable shipping-taxable purchasable product-type-simple\">\n\t<a href=\"https:\/\/adm.dental\/cs\/produkt\/fibrafill-cube\/\" class=\"woocommerce-LoopProduct-link woocommerce-loop-product__link\"><img loading=\"lazy\" decoding=\"async\" width=\"300\" height=\"300\" src=\"https:\/\/adm.dental\/wp-content\/uploads\/2025\/02\/Cube-Detail-72343cac-300x300.webp\" class=\"attachment-woocommerce_thumbnail size-woocommerce_thumbnail\" alt=\"Fibrafill\u00ae CUBE\" srcset=\"https:\/\/adm.dental\/wp-content\/uploads\/2025\/02\/Cube-Detail-72343cac-300x300.webp 300w, https:\/\/adm.dental\/wp-content\/uploads\/2025\/02\/Cube-Detail-72343cac-150x150.webp 150w, https:\/\/adm.dental\/wp-content\/uploads\/2025\/02\/Cube-Detail-72343cac-100x100.webp 100w\" sizes=\"auto, (max-width: 300px) 100vw, 300px\" \/><h2 class=\"woocommerce-loop-product__title\">Fibrafill\u00ae CUBE<\/h2>\n\t<span class=\"price\"><span class=\"woocommerce-Price-amount amount\"><bdi><span class=\"woocommerce-Price-currencySymbol\">&#36;<\/span>144<\/bdi><\/span><\/span>\n<\/a><a href=\"\/cs\/wp-json\/wp\/v2\/pages\/1658?add-to-cart=4327\" aria-describedby=\"woocommerce_loop_add_to_cart_link_describedby_4327\" data-quantity=\"1\" class=\"button product_type_simple add_to_cart_button ajax_add_to_cart\" data-product_id=\"4327\" data-product_sku=\"F-001\" aria-label=\"P\u0159idat do ko\u0161\u00edku: &ldquo;Fibrafill\u00ae CUBE&rdquo;\" rel=\"nofollow\" data-success_message=\"\u201cFibrafill\u00ae CUBE\u201dbylo p\u0159id\u00e1no do va\u0161eho ko\u0161\u00edku\" role=\"button\">P\u0159idat do ko\u0161\u00edku<\/a>\t<span id=\"woocommerce_loop_add_to_cart_link_describedby_4327\" class=\"screen-reader-text\">\n\t\t\t<\/span>\n\t\t\t<input type=\"hidden\" class=\"pmwProductId\" data-id=\"4327\">\n\t\t\t\t\t<script>\n\t\t\t(window.pmwDataLayer = window.pmwDataLayer || {}).products                = window.pmwDataLayer.products || {};\n\t\t\twindow.pmwDataLayer.products[4327] = {\"id\":\"4327\",\"sku\":\"F-001\",\"price\":154,\"brand\":\"\",\"quantity\":1,\"dyn_r_ids\":{\"post_id\":\"4327\",\"sku\":\"F-001\",\"gpf\":\"woocommerce_gpf_4327\",\"gla\":\"gla_4327\"},\"is_variable\":false,\"type\":\"simple\",\"name\":\"Fibrafill\u00ae CUBE\",\"category\":[\"Kompozity\"],\"is_variation\":false};\n\t\t\t\t\twindow.pmw_product_position = window.pmw_product_position || 1;\n\t\twindow.pmwDataLayer.products[4327]['position'] = window.pmw_product_position++;\n\t\t\t\t<\/script>\n\t\t<\/li>\n<\/ul>\n<\/div>\n<\/div>\n<\/div>\n","protected":false},"excerpt":{"rendered":"","protected":false},"author":1,"featured_media":0,"parent":0,"menu_order":0,"comment_status":"closed","ping_status":"closed","template":"","meta":{"_uag_custom_page_level_css":".ct-shipping-progress-shortcode {\n\tpadding: 15px;\n\n\tmargin-bottom: 10px;\n}","footnotes":""},"class_list":["post-1658","page","type-page","status-publish","hentry"],"blocksy_meta":{"header_scripts":"","styles_descriptor":{"styles":{"desktop":"","tablet":"","mobile":""},"google_fonts":[],"version":6}},"uagb_featured_image_src":{"full":false,"thumbnail":false,"medium":false,"medium_large":false,"large":false,"1536x1536":false,"2048x2048":false,"woocommerce_archive_thumbnail":false,"woocommerce_thumbnail":false,"woocommerce_single":false,"woocommerce_gallery_thumbnail":false},"uagb_author_info":{"display_name":"david","author_link":"https:\/\/adm.dental\/cs\/author\/david\/"},"uagb_comment_info":0,"uagb_excerpt":null,"_links":{"self":[{"href":"https:\/\/adm.dental\/cs\/wp-json\/wp\/v2\/pages\/1658","targetHints":{"allow":["GET"]}}],"collection":[{"href":"https:\/\/adm.dental\/cs\/wp-json\/wp\/v2\/pages"}],"about":[{"href":"https:\/\/adm.dental\/cs\/wp-json\/wp\/v2\/types\/page"}],"author":[{"embeddable":true,"href":"https:\/\/adm.dental\/cs\/wp-json\/wp\/v2\/users\/1"}],"replies":[{"embeddable":true,"href":"https:\/\/adm.dental\/cs\/wp-json\/wp\/v2\/comments?post=1658"}],"version-history":[{"count":1,"href":"https:\/\/adm.dental\/cs\/wp-json\/wp\/v2\/pages\/1658\/revisions"}],"predecessor-version":[{"id":5681,"href":"https:\/\/adm.dental\/cs\/wp-json\/wp\/v2\/pages\/1658\/revisions\/5681"}],"wp:attachment":[{"href":"https:\/\/adm.dental\/cs\/wp-json\/wp\/v2\/media?parent=1658"}],"curies":[{"name":"wp","href":"https:\/\/api.w.org\/{rel}","templated":true}]}}