{"id":2043,"date":"2024-12-08T16:16:20","date_gmt":"2024-12-08T16:16:20","guid":{"rendered":"https:\/\/beta.adm.dental\/home\/"},"modified":"2025-04-16T10:17:28","modified_gmt":"2025-04-16T10:17:28","slug":"home","status":"publish","type":"page","link":"https:\/\/adm.dental\/cs\/","title":{"rendered":"Dom\u016f"},"content":{"rendered":"\n<div class=\"wp-block-uagb-container uagb-block-2b721576 alignfull uagb-is-root-container\"><div class=\"uagb-container-inner-blocks-wrap\">\n<div class=\"wp-block-uagb-container uagb-block-6efc3905\">\n<div class=\"wp-block-uagb-container uagb-block-c3568196\">\n<div class=\"wp-block-uagb-container uagb-block-4f22cc29\">\n<div class=\"wp-block-uagb-image uagb-block-0d68ad29 wp-block-uagb-image--layout-default wp-block-uagb-image--effect-zoomin wp-block-uagb-image--align-none\"><figure class=\"wp-block-uagb-image__figure\"><a class=\"\" href=\"https:\/\/adm.dental\/cs\/dentapreg\/\" target=\"\" rel=\"noopener\"><img loading=\"lazy\" decoding=\"async\" srcset=\"https:\/\/adm.dental\/wp-content\/uploads\/2024\/10\/ADM-Dentapreg-Pic-03-edited-1024x585.png ,https:\/\/adm.dental\/wp-content\/uploads\/2024\/10\/ADM-Dentapreg-Pic-03-edited.png 780w, https:\/\/adm.dental\/wp-content\/uploads\/2024\/10\/ADM-Dentapreg-Pic-03-edited.png 360w\" sizes=\"auto, (max-width: 480px) 150px\" src=\"https:\/\/adm.dental\/wp-content\/uploads\/2024\/10\/ADM-Dentapreg-Pic-03-edited-1024x585.png\" alt=\"\" class=\"uag-image-731\" width=\"360\" height=\"205\" title=\"ADM Dentapreg Obr. 03\" role=\"img\"><\/a><\/figure><\/div>\n\n\n\n<div class=\"wp-block-uagb-image uagb-block-ca4bd5f5 wp-block-uagb-image--layout-default wp-block-uagb-image--effect-static wp-block-uagb-image--align-none\"><figure class=\"wp-block-uagb-image__figure\"><a class=\"\" href=\"https:\/\/adm.dental\/cs\/dentapreg\/\" target=\"\" rel=\"noopener\"><img decoding=\"async\" srcset=\"https:\/\/adm.dental\/wp-content\/uploads\/2024\/10\/DENTAPREG-logo-01-1024x162.png ,https:\/\/adm.dental\/wp-content\/uploads\/2024\/10\/DENTAPREG-logo-01.png 780w, https:\/\/adm.dental\/wp-content\/uploads\/2024\/10\/DENTAPREG-logo-01.png 360w\" sizes=\"auto, (max-width: 480px) 150px\" src=\"https:\/\/adm.dental\/wp-content\/uploads\/2024\/10\/DENTAPREG-logo-01-1024x162.png\" alt=\"\" class=\"uag-image-45\" width=\"253\" height=\"40\" title=\"DENTAPREG-logo-01\" loading=\"lazy\" role=\"img\"><\/a><\/figure><\/div>\n\n\n\n<p class=\"has-text-align-center\" style=\"margin-top:0;margin-bottom:0\">Jedine\u010dn\u00e9 p\u0159edimpregnovan\u00e9 <strong>kompozitn\u00ed p\u00e1sky ze sklen\u011bn\u00fdch vl\u00e1ken<\/strong> pro dlahov\u00e1n\u00ed, adhezivn\u00ed m\u016fstky a vyztu\u017een\u00ed velk\u00fdch rekonstrukc\u00ed.<\/p>\n\n\n\n<div class=\"wp-block-uagb-buttons uagb-buttons__outer-wrap uagb-btn__default-btn uagb-btn-tablet__default-btn uagb-btn-mobile__default-btn uagb-block-5fd378f0\"><div class=\"uagb-buttons__wrap uagb-buttons-layout-wrap \">\n<div class=\"wp-block-uagb-buttons-child uagb-buttons__outer-wrap uagb-block-415cbeda wp-block-button\"><div class=\"uagb-button__wrapper\"><a class=\"uagb-buttons-repeater wp-block-button__link\" aria-label=\"\" href=\"https:\/\/adm.dental\/dentapreg\/\" rel=\"follow noopener\" target=\"_self\" role=\"button\"><div class=\"uagb-button__link\">Pokra\u010dovat<\/div><\/a><\/div><\/div>\n<\/div><\/div>\n<\/div>\n\n\n\n<div class=\"wp-block-uagb-container uagb-block-0b8e7119\"><\/div>\n\n\n\n<div class=\"wp-block-uagb-container uagb-block-c74172dc\">\n<div class=\"wp-block-uagb-image aligncenter uagb-block-6a3714e6 wp-block-uagb-image--layout-default wp-block-uagb-image--effect-zoomin wp-block-uagb-image--align-center\"><figure class=\"wp-block-uagb-image__figure\"><a class=\"\" href=\"https:\/\/adm.dental\/cs\/fibrafill\/\" target=\"\" rel=\"noopener\"><img loading=\"lazy\" decoding=\"async\" srcset=\"https:\/\/adm.dental\/wp-content\/uploads\/2024\/11\/Fibrafill_web_06-01-55-70fb8ea8.webp ,https:\/\/adm.dental\/wp-content\/uploads\/2024\/11\/Fibrafill_web_06-01-55-70fb8ea8.webp 780w, https:\/\/adm.dental\/wp-content\/uploads\/2024\/11\/Fibrafill_web_06-01-55-70fb8ea8.webp 360w\" sizes=\"auto, (max-width: 480px) 150px\" src=\"https:\/\/adm.dental\/wp-content\/uploads\/2024\/11\/Fibrafill_web_06-01-55-70fb8ea8.webp\" alt=\"\" class=\"uag-image-1756\" width=\"267\" height=\"205\" title=\"Fibrafill_web_06-01-55-70fb8ea8\" role=\"img\"><\/a><\/figure><\/div>\n\n\n\n<div class=\"wp-block-uagb-image uagb-block-bcb22b26 wp-block-uagb-image--layout-default wp-block-uagb-image--effect-static wp-block-uagb-image--align-none\"><figure class=\"wp-block-uagb-image__figure\"><a class=\"\" href=\"https:\/\/adm.dental\/cs\/fibrafill\/\" target=\"\" rel=\"noopener\"><img decoding=\"async\" srcset=\"https:\/\/adm.dental\/wp-content\/uploads\/2024\/11\/fibrafill-logo1.svg ,https:\/\/adm.dental\/wp-content\/uploads\/2024\/11\/fibrafill-logo1.svg 780w, https:\/\/adm.dental\/wp-content\/uploads\/2024\/11\/fibrafill-logo1.svg 360w\" sizes=\"auto, (max-width: 480px) 150px\" src=\"https:\/\/adm.dental\/wp-content\/uploads\/2024\/11\/fibrafill-logo1.svg\" alt=\"\" class=\"uag-image-1056\" width=\"300\" height=\"50\" title=\"fibrafill-logo1\" loading=\"lazy\" role=\"img\"><\/a><\/figure><\/div>\n\n\n\n<p class=\"has-text-align-center\" style=\"margin-top:0;margin-bottom:0\">Nov\u00e1 t\u0159\u00edda biomimetick\u00fdch <strong>kompozit\u016f vyztu\u017een\u00fdch vl\u00e1kny<\/strong> pro n\u00e1hradu dentinu v rozs\u00e1hl\u00fdch rekonstrukc\u00edch a velk\u00fdch dostavb\u00e1ch.<\/p>\n\n\n\n<div class=\"wp-block-uagb-buttons uagb-buttons__outer-wrap uagb-btn__default-btn uagb-btn-tablet__default-btn uagb-btn-mobile__default-btn uagb-block-c517b058\"><div class=\"uagb-buttons__wrap uagb-buttons-layout-wrap \">\n<div class=\"wp-block-uagb-buttons-child uagb-buttons__outer-wrap uagb-block-3d239841 wp-block-button\"><div class=\"uagb-button__wrapper\"><a class=\"uagb-buttons-repeater wp-block-button__link\" aria-label=\"\" href=\"https:\/\/adm.dental\/fibrafill\/\" rel=\"follow noopener\" target=\"_self\" role=\"button\"><div class=\"uagb-button__link\">Pokra\u010dovat<\/div><\/a><\/div><\/div>\n<\/div><\/div>\n<\/div>\n<\/div>\n<\/div>\n<\/div><\/div>\n\n<p><\/p>\n","protected":false},"excerpt":{"rendered":"<p>Jedine\u010dn\u00e9 p\u0159edimpregnovan\u00e9 kompozitn\u00ed p\u00e1sky ze sklen\u011bn\u00fdch vl\u00e1ken pro dlahov\u00e1n\u00ed, adhezivn\u00ed m\u016fstky a vyztu\u017een\u00ed velk\u00fdch rekonstrukc\u00ed. Nov\u00e1 t\u0159\u00edda biomimetick\u00fdch kompozit\u016f vyztu\u017een\u00fdch vl\u00e1kny pro n\u00e1hradu dentinu v rozs\u00e1hl\u00fdch rekonstrukc\u00edch a velk\u00fdch dostavb\u00e1ch.<\/p>\n","protected":false},"author":1,"featured_media":0,"parent":0,"menu_order":0,"comment_status":"closed","ping_status":"closed","template":"","meta":{"_uag_custom_page_level_css":"","footnotes":""},"class_list":["post-2043","page","type-page","status-publish","hentry"],"blocksy_meta":{"footer_scripts":"","styles_descriptor":{"styles":{"desktop":"","tablet":"","mobile":""},"google_fonts":[],"version":6},"header_scripts":"<script>console.log('Poslouch\u00e1m!?'); <\/script>"},"uagb_featured_image_src":{"full":false,"thumbnail":false,"medium":false,"medium_large":false,"large":false,"1536x1536":false,"2048x2048":false,"woocommerce_archive_thumbnail":false,"woocommerce_thumbnail":false,"woocommerce_single":false,"woocommerce_gallery_thumbnail":false},"uagb_author_info":{"display_name":"david","author_link":"https:\/\/adm.dental\/cs\/author\/david\/"},"uagb_comment_info":0,"uagb_excerpt":"Jedine\u010dn\u00e9 p\u0159edimpregnovan\u00e9 kompozitn\u00ed p\u00e1sky ze sklen\u011bn\u00fdch vl\u00e1ken pro dlahov\u00e1n\u00ed, adhezivn\u00ed m\u016fstky a vyztu\u017een\u00ed velk\u00fdch rekonstrukc\u00ed. Nov\u00e1 t\u0159\u00edda biomimetick\u00fdch kompozit\u016f vyztu\u017een\u00fdch vl\u00e1kny pro n\u00e1hradu dentinu v rozs\u00e1hl\u00fdch rekonstrukc\u00edch a velk\u00fdch dostavb\u00e1ch.","_links":{"self":[{"href":"https:\/\/adm.dental\/cs\/wp-json\/wp\/v2\/pages\/2043","targetHints":{"allow":["GET"]}}],"collection":[{"href":"https:\/\/adm.dental\/cs\/wp-json\/wp\/v2\/pages"}],"about":[{"href":"https:\/\/adm.dental\/cs\/wp-json\/wp\/v2\/types\/page"}],"author":[{"embeddable":true,"href":"https:\/\/adm.dental\/cs\/wp-json\/wp\/v2\/users\/1"}],"replies":[{"embeddable":true,"href":"https:\/\/adm.dental\/cs\/wp-json\/wp\/v2\/comments?post=2043"}],"version-history":[{"count":0,"href":"https:\/\/adm.dental\/cs\/wp-json\/wp\/v2\/pages\/2043\/revisions"}],"wp:attachment":[{"href":"https:\/\/adm.dental\/cs\/wp-json\/wp\/v2\/media?parent=2043"}],"curies":[{"name":"wp","href":"https:\/\/api.w.org\/{rel}","templated":true}]}}