{"id":4513,"date":"2024-10-19T21:04:00","date_gmt":"2024-10-19T21:04:00","guid":{"rendered":"https:\/\/beta.adm.dental\/playground\/"},"modified":"2025-04-16T10:30:13","modified_gmt":"2025-04-16T10:30:13","slug":"playground","status":"publish","type":"page","link":"https:\/\/adm.dental\/cs\/playground\/","title":{"rendered":"D\u011btsk\u00e9 h\u0159i\u0161t\u011b"},"content":{"rendered":"\n<div class=\"wp-block-admdental-newsletter\"><div><div class=\"admdental-newsletter-row-wrapper\"><div class=\"admdental-newsletter-input-wrapper\"><label>Jm\u00e9no<input class=\"admdental-newsletter-first-name\" type=\"text\" placeholder=\"Zadejte sv\u00e9 k\u0159estn\u00ed jm\u00e9no\"><\/label><\/div><div class=\"admdental-newsletter-input-wrapper\"><label>P\u0159\u00edjmen\u00ed<input class=\"admdental-newsletter-last-name\" type=\"text\" placeholder=\"Zadejte sv\u00e9 p\u0159\u00edjmen\u00ed\"><\/label><\/div><\/div><div class=\"admdental-newsletter-row-wrapper\"><div class=\"admdental-newsletter-input-wrapper\"><label>E-mail<input required=\"\" class=\"admdental-newsletter-email\" type=\"email\" placeholder=\"Zadejte sv\u016fj e-mail\"><\/label><\/div><\/div><div class=\"admdental-newsletter-row-wrapper\"><div class=\"admdental-newsletter-input-wrapper\"><button class=\"admdental-newsletter-submit\" type=\"submit\">Odeslat<\/button><div class=\"admdental-newsletter-form-messages\" style=\"color:red\"><\/div><\/div><\/div><\/div><\/div>\n","protected":false},"excerpt":{"rendered":"","protected":false},"author":1,"featured_media":0,"parent":0,"menu_order":0,"comment_status":"closed","ping_status":"closed","template":"","meta":{"_uag_custom_page_level_css":"","footnotes":""},"class_list":["post-4513","page","type-page","status-publish","hentry"],"blocksy_meta":[],"uagb_featured_image_src":{"full":false,"thumbnail":false,"medium":false,"medium_large":false,"large":false,"1536x1536":false,"2048x2048":false,"woocommerce_archive_thumbnail":false,"woocommerce_thumbnail":false,"woocommerce_single":false,"woocommerce_gallery_thumbnail":false},"uagb_author_info":{"display_name":"david","author_link":"https:\/\/adm.dental\/cs\/author\/david\/"},"uagb_comment_info":0,"uagb_excerpt":null,"_links":{"self":[{"href":"https:\/\/adm.dental\/cs\/wp-json\/wp\/v2\/pages\/4513","targetHints":{"allow":["GET"]}}],"collection":[{"href":"https:\/\/adm.dental\/cs\/wp-json\/wp\/v2\/pages"}],"about":[{"href":"https:\/\/adm.dental\/cs\/wp-json\/wp\/v2\/types\/page"}],"author":[{"embeddable":true,"href":"https:\/\/adm.dental\/cs\/wp-json\/wp\/v2\/users\/1"}],"replies":[{"embeddable":true,"href":"https:\/\/adm.dental\/cs\/wp-json\/wp\/v2\/comments?post=4513"}],"version-history":[{"count":0,"href":"https:\/\/adm.dental\/cs\/wp-json\/wp\/v2\/pages\/4513\/revisions"}],"wp:attachment":[{"href":"https:\/\/adm.dental\/cs\/wp-json\/wp\/v2\/media?parent=4513"}],"curies":[{"name":"wp","href":"https:\/\/api.w.org\/{rel}","templated":true}]}}