{"id":4514,"date":"2024-12-13T16:38:34","date_gmt":"2024-12-13T16:38:34","guid":{"rendered":"https:\/\/beta.adm.dental\/whitepaper\/"},"modified":"2025-04-22T07:59:52","modified_gmt":"2025-04-22T07:59:52","slug":"whitepaper","status":"publish","type":"page","link":"https:\/\/adm.dental\/cs\/fibrafill\/whitepaper\/","title":{"rendered":"Fibrafill\u00ae Scientific Guide"},"content":{"rendered":"\n<div class=\"wp-block-uagb-container uagb-block-2b721576 alignfull uagb-is-root-container\"><div class=\"uagb-container-inner-blocks-wrap\">\n<div class=\"wp-block-uagb-container uagb-block-6efc3905\">\n<div class=\"wp-block-uagb-container uagb-block-f286726c\">\n<div class=\"wp-block-uagb-container whitepaper-image-wraper uagb-block-40c34ed1\">\n<div class=\"wp-block-uagb-image uagb-block-0695cc1f wp-block-uagb-image--layout-default wp-block-uagb-image--effect-static wp-block-uagb-image--align-none whitepaper-image\"><figure class=\"wp-block-uagb-image__figure\"><img decoding=\"async\" srcset=\"https:\/\/adm.dental\/wp-content\/uploads\/2024\/12\/Fibrafill_Scientific_Guide_2021-f8ee77a9-724x1024.webp ,https:\/\/adm.dental\/wp-content\/uploads\/2024\/12\/Fibrafill_Scientific_Guide_2021-f8ee77a9.webp 780w, https:\/\/adm.dental\/wp-content\/uploads\/2024\/12\/Fibrafill_Scientific_Guide_2021-f8ee77a9-724x1024.webp 360w\" sizes=\"auto, (max-width: 480px) 150px\" src=\"https:\/\/adm.dental\/wp-content\/uploads\/2024\/12\/Fibrafill_Scientific_Guide_2021-f8ee77a9-724x1024.webp\" alt=\"\" class=\"uag-image-2157\" width=\"450\" height=\"636\" title=\"Fibrafill_Scientific_Guide_2021-f8ee77a9\" loading=\"lazy\" role=\"img\"><\/figure><\/div>\n<\/div>\n<\/div>\n\n\n\n<div class=\"wp-block-uagb-container uagb-block-57bf73ee\"><\/div>\n\n\n\n<div class=\"wp-block-uagb-container whitepaper-content uagb-block-877a8842\">\n<div class=\"wp-block-uagb-advanced-heading uagb-block-85e1491c\"><h3 class=\"uagb-heading-text\">Z\u00edskejte Fibrafill\u00ae Scientific Guide<\/h3><\/div>\n\n\n\n<p style=\"margin-top:0;margin-bottom:0\">Nahl\u00e9dn\u011bte do podstaty konstrukce a fungov\u00e1n\u00ed pokro\u010dil\u00fdch kompozitn\u00edch materi\u00e1l\u016f s Fibrafill\u00ae Scientific Guide. Tato p\u0159\u00edru\u010dka poskytuje informace o produktov\u00e9 \u0159ad\u011b Fibrafill\u00ae ale i obecn\u00fdch principech pro ty, kte\u0159\u00ed cht\u011bj\u00ed v\u011bd\u011bt jak mechanika kompozit\u016f ovliv\u0148uje fungov\u00e1n\u00ed stomatologick\u00fdch rekonstrukc\u00ed a jak inovativn\u00ed kompozitn\u00ed materi\u00e1ly pom\u00e1haj\u00ed k lep\u0161\u00edm v\u00fdsledk\u016fm va\u0161\u00ed pr\u00e1ce. Vypl\u0148te pros\u00edm n\u00e1sleduj\u00edc\u00ed \u00fadaje a my v\u00e1m po\u0161leme Scietific Guide na e-mail.  <\/p>\n\n\n\n<div class=\"wp-block-adm-whitepaper\" data-sitekey=\"6LdYknIqAAAAAPBpOvGzGRidt5bPU8O5A6vLK3Px\"><div><div class=\"whitepaper-row-wrapper\"><div class=\"whitepaper-input-wrapper\"><label>Jm\u00e9no<input class=\"whitepaper-first-name\" type=\"text\" placeholder=\"Zadejte sv\u00e9 k\u0159estn\u00ed jm\u00e9no\" required=\"\"><\/label><\/div><div class=\"whitepaper-input-wrapper\"><label>P\u0159\u00edjmen\u00ed<input class=\"whitepaper-last-name\" type=\"text\" placeholder=\"Zadejte sv\u00e9 p\u0159\u00edjmen\u00ed\" required=\"\"><\/label><\/div><\/div><div class=\"whitepaper-row-wrapper\"><div class=\"whitepaper-input-wrapper\"><label>E-mail<input class=\"whitepaper-email\" type=\"email\" placeholder=\"Zadejte sv\u016fj e-mail\" required=\"\"><\/label><\/div><\/div><div class=\"whitepaper-row-wrapper whitepaper-row-wrapper-checkbox\"><div class=\"whitepaper-input-wrapper\"><label><input class=\"whitepaper-subscribe ct-checkbox\" type=\"checkbox\">P\u0159ihl\u00e1\u0161en\u00ed k odb\u011bru newsletteru<\/label><\/div><\/div><div class=\"whitepaper-row-wrapper whitepaper-row-wrapper-checkbox\"><div class=\"whitepaper-input-wrapper\"><label><input class=\"whitepaper-subscribe ct-checkbox\" type=\"checkbox\" required=\"\">P\u0159ijmout smluvn\u00ed podm\u00ednky a z\u00e1sady ochrany osobn\u00edch \u00fadaj\u016f<\/label><\/div><\/div><div class=\"whitepaper-row-wrapper\"><div class=\"whitepaper-input-wrapper\"><input class=\"whitepaper-type\" type=\"hidden\" name=\"type\" value=\"fibrafill\"><button class=\"whitepaper-submit button\" type=\"submit\">Odeslat<\/button><div class=\"whitepaper-form-messages\" style=\"color:red\"><\/div><\/div><\/div><\/div><\/div>\n<\/div>\n<\/div>\n<\/div><\/div>\n","protected":false},"excerpt":{"rendered":"<p>Z\u00edskejte Fibrafill\u00ae Scientific Guide Nahl\u00e9dn\u011bte do podstaty konstrukce a fungov\u00e1n\u00ed pokro\u010dil\u00fdch kompozitn\u00edch materi\u00e1l\u016f s Fibrafill\u00ae Scientific Guide. Tato p\u0159\u00edru\u010dka poskytuje informace o produktov\u00e9 \u0159ad\u011b Fibrafill\u00ae ale i obecn\u00fdch principech pro ty, kte\u0159\u00ed cht\u011bj\u00ed v\u011bd\u011bt jak mechanika kompozit\u016f ovliv\u0148uje fungov\u00e1n\u00ed stomatologick\u00fdch rekonstrukc\u00ed a jak inovativn\u00ed kompozitn\u00ed materi\u00e1ly pom\u00e1haj\u00ed k lep\u0161\u00edm v\u00fdsledk\u016fm va\u0161\u00ed pr\u00e1ce. Vypl\u0148te pros\u00edm n\u00e1sleduj\u00edc\u00ed [&hellip;]<\/p>\n","protected":false},"author":1,"featured_media":0,"parent":4521,"menu_order":0,"comment_status":"closed","ping_status":"closed","template":"","meta":{"_uag_custom_page_level_css":"","footnotes":""},"class_list":["post-4514","page","type-page","status-publish","hentry"],"blocksy_meta":[],"uagb_featured_image_src":{"full":false,"thumbnail":false,"medium":false,"medium_large":false,"large":false,"1536x1536":false,"2048x2048":false,"woocommerce_archive_thumbnail":false,"woocommerce_thumbnail":false,"woocommerce_single":false,"woocommerce_gallery_thumbnail":false},"uagb_author_info":{"display_name":"david","author_link":"https:\/\/adm.dental\/cs\/author\/david\/"},"uagb_comment_info":0,"uagb_excerpt":"Z\u00edskejte Fibrafill\u00ae Scientific Guide Nahl\u00e9dn\u011bte do podstaty konstrukce a fungov\u00e1n\u00ed pokro\u010dil\u00fdch kompozitn\u00edch materi\u00e1l\u016f s Fibrafill\u00ae Scientific Guide. Tato p\u0159\u00edru\u010dka poskytuje informace o produktov\u00e9 \u0159ad\u011b Fibrafill\u00ae ale i obecn\u00fdch principech pro ty, kte\u0159\u00ed cht\u011bj\u00ed v\u011bd\u011bt jak mechanika kompozit\u016f ovliv\u0148uje fungov\u00e1n\u00ed stomatologick\u00fdch rekonstrukc\u00ed a jak inovativn\u00ed kompozitn\u00ed materi\u00e1ly pom\u00e1haj\u00ed k lep\u0161\u00edm v\u00fdsledk\u016fm va\u0161\u00ed pr\u00e1ce. Vypl\u0148te pros\u00edm n\u00e1sleduj\u00edc\u00ed&hellip;","_links":{"self":[{"href":"https:\/\/adm.dental\/cs\/wp-json\/wp\/v2\/pages\/4514","targetHints":{"allow":["GET"]}}],"collection":[{"href":"https:\/\/adm.dental\/cs\/wp-json\/wp\/v2\/pages"}],"about":[{"href":"https:\/\/adm.dental\/cs\/wp-json\/wp\/v2\/types\/page"}],"author":[{"embeddable":true,"href":"https:\/\/adm.dental\/cs\/wp-json\/wp\/v2\/users\/1"}],"replies":[{"embeddable":true,"href":"https:\/\/adm.dental\/cs\/wp-json\/wp\/v2\/comments?post=4514"}],"version-history":[{"count":0,"href":"https:\/\/adm.dental\/cs\/wp-json\/wp\/v2\/pages\/4514\/revisions"}],"up":[{"embeddable":true,"href":"https:\/\/adm.dental\/cs\/wp-json\/wp\/v2\/pages\/4521"}],"wp:attachment":[{"href":"https:\/\/adm.dental\/cs\/wp-json\/wp\/v2\/media?parent=4514"}],"curies":[{"name":"wp","href":"https:\/\/api.w.org\/{rel}","templated":true}]}}