{"id":4523,"date":"2025-03-14T14:33:34","date_gmt":"2025-03-14T14:33:34","guid":{"rendered":"https:\/\/beta.adm.dental\/about-us\/"},"modified":"2025-04-22T06:49:32","modified_gmt":"2025-04-22T06:49:32","slug":"o-nas","status":"publish","type":"page","link":"https:\/\/adm.dental\/cs\/o-nas\/","title":{"rendered":"O n\u00e1s"},"content":{"rendered":"\n<div class=\"wp-block-uagb-container uagb-block-2b721576 alignfull uagb-is-root-container\"><div class=\"uagb-container-inner-blocks-wrap\">\n<div class=\"wp-block-uagb-container uagb-block-6efc3905\">\n<div class=\"wp-block-uagb-container uagb-block-24312f7a\">\n<div class=\"wp-block-uagb-image uagb-block-11a89fab wp-block-uagb-image--layout-default wp-block-uagb-image--effect-static wp-block-uagb-image--align-none\"><figure class=\"wp-block-uagb-image__figure\"><img decoding=\"async\" srcset=\"https:\/\/adm.dental\/wp-content\/uploads\/2024\/10\/ADM-Motto-2023.svg ,https:\/\/adm.dental\/wp-content\/uploads\/2024\/10\/ADM-Motto-2023.svg 780w, https:\/\/adm.dental\/wp-content\/uploads\/2024\/10\/ADM-Motto-2023.svg 360w\" sizes=\"auto, (max-width: 480px) 150px\" src=\"https:\/\/adm.dental\/wp-content\/uploads\/2024\/10\/ADM-Motto-2023.svg\" alt=\"\" class=\"uag-image-17\" width=\"300\" height=\"146\" title=\"Motto spole\u010dnosti ADM 2023\" loading=\"lazy\" role=\"img\"><\/figure><\/div>\n<\/div>\n\n\n\n<div class=\"wp-block-uagb-container uagb-block-de3e4323\"><\/div>\n\n\n\n<div class=\"wp-block-uagb-container uagb-block-c2d8c2b3\">\n<div class=\"wp-block-uagb-advanced-heading uagb-block-612d44dc\"><h2 class=\"uagb-heading-text\">O n\u00e1s <\/h2><\/div>\n\n\n\n<p>P\u0159\u00edb\u011bh produktov\u00fdch \u0159ad Dentapreg\u00ae a Fibrafill\u00ae za\u010dal \u2013 sv\u011bte div se \u2013 v mate\u0159sk\u00e9 \u0161kole. Bylo to je\u0161t\u011b v komunistick\u00e9m \u010ceskoslovensku, kdy\u017e si dva kamar\u00e1di spole\u010dn\u011b hr\u00e1li na p\u00edskovi\u0161ti. Jedn\u00edm z nich byl Josef Jan\u010d\u00e1\u0159 a druh\u00fdm Zbyn\u011bk \u0160ediv\u00fd. Uplynulo mnoho let. Po sametov\u00e9 revoluci p\u0159i\u0161el p\u00e1d komunismu a ti dva kamar\u00e1di kone\u010dn\u011b dostali svobodu \u017e\u00edt sv\u00e9 sny. Pan \u0160ediv\u00fd se jako in\u017een\u00fdr pod\u00edlel na p\u0159echodu \u010desk\u00e9ho leteck\u00e9ho pr\u016fmyslu k z\u00e1padn\u011b orientovan\u00e9mu podnik\u00e1n\u00ed. Pan Jan\u010d\u00e1\u0159 se jako fyzik\u00e1ln\u00ed chemik stal postdoktorandem na univerzit\u011b v Connecticutu, kde se v\u011bnoval materi\u00e1lov\u00e9 v\u011bd\u011b v medic\u00edn\u011b.     <\/p>\n\n\n\n<p>Po p\u00e1du komunismu se Zbyn\u011bk \u0160ediv\u00fd pod\u00edlel na transfoprmaci \u010desk\u00e9ho leteck\u00e9ho pr\u016fmyslu a Josef Jan\u010d\u00e1\u0159 se v\u011bnoval materi\u00e1lov\u00e9 v\u011bd\u011b v medic\u00edn\u011b. Po mnoha letech se oba p\u0159\u00e1tel\u00e9 znovu setkali. U\u017e se nebavili o p\u00edskovi\u0161ti, ale o sv\u00fdch profesion\u00e1ln\u00edch z\u00e1jmech. V roce 1995 zalo\u017eili spole\u010dnost ADM a.s. (Advanced Dental Materials), kde za\u010dali \u0159e\u0161it vyu\u017eit\u00ed pokro\u010dil\u00fdch kompozit\u016f ve stomatologii. V\u00fdvoj nov\u00e9 t\u0159\u00eddy kompozit\u016f trval \u0159adu let, ale v roce 2004 byla p\u0159edstavena prvn\u00ed generace produkt\u016f Dentapreg.    <\/p>\n\n\n\n<p>Dnes m\u00e1 spole\u010dnost ADM a.s.z\u00e1kazn\u00edky z \u0159ad \u0161pi\u010dkov\u00fdch zuba\u0159\u016f po cel\u00e9m sv\u011bt\u011b a produkty \u0159ady Dentapreg a Fibrafill pom\u00e1haj\u00ed pacient\u016f na v\u0161ech kontinentech.<\/p>\n<\/div>\n<\/div>\n<\/div><\/div>\n","protected":false},"excerpt":{"rendered":"<p>O n\u00e1s P\u0159\u00edb\u011bh produktov\u00fdch \u0159ad Dentapreg\u00ae a Fibrafill\u00ae za\u010dal \u2013 sv\u011bte div se \u2013 v mate\u0159sk\u00e9 \u0161kole. Bylo to je\u0161t\u011b v komunistick\u00e9m \u010ceskoslovensku, kdy\u017e si dva kamar\u00e1di spole\u010dn\u011b hr\u00e1li na p\u00edskovi\u0161ti. Jedn\u00edm z nich byl Josef Jan\u010d\u00e1\u0159 a druh\u00fdm Zbyn\u011bk \u0160ediv\u00fd. Uplynulo mnoho let. Po sametov\u00e9 revoluci p\u0159i\u0161el p\u00e1d komunismu a ti dva kamar\u00e1di kone\u010dn\u011b [&hellip;]<\/p>\n","protected":false},"author":1,"featured_media":0,"parent":0,"menu_order":0,"comment_status":"closed","ping_status":"closed","template":"","meta":{"_uag_custom_page_level_css":"","footnotes":""},"class_list":["post-4523","page","type-page","status-publish","hentry"],"blocksy_meta":[],"uagb_featured_image_src":{"full":false,"thumbnail":false,"medium":false,"medium_large":false,"large":false,"1536x1536":false,"2048x2048":false,"woocommerce_archive_thumbnail":false,"woocommerce_thumbnail":false,"woocommerce_single":false,"woocommerce_gallery_thumbnail":false},"uagb_author_info":{"display_name":"david","author_link":"https:\/\/adm.dental\/cs\/author\/david\/"},"uagb_comment_info":0,"uagb_excerpt":"O n\u00e1s P\u0159\u00edb\u011bh produktov\u00fdch \u0159ad Dentapreg\u00ae a Fibrafill\u00ae za\u010dal \u2013 sv\u011bte div se \u2013 v mate\u0159sk\u00e9 \u0161kole. Bylo to je\u0161t\u011b v komunistick\u00e9m \u010ceskoslovensku, kdy\u017e si dva kamar\u00e1di spole\u010dn\u011b hr\u00e1li na p\u00edskovi\u0161ti. Jedn\u00edm z nich byl Josef Jan\u010d\u00e1\u0159 a druh\u00fdm Zbyn\u011bk \u0160ediv\u00fd. Uplynulo mnoho let. Po sametov\u00e9 revoluci p\u0159i\u0161el p\u00e1d komunismu a ti dva kamar\u00e1di kone\u010dn\u011b&hellip;","_links":{"self":[{"href":"https:\/\/adm.dental\/cs\/wp-json\/wp\/v2\/pages\/4523","targetHints":{"allow":["GET"]}}],"collection":[{"href":"https:\/\/adm.dental\/cs\/wp-json\/wp\/v2\/pages"}],"about":[{"href":"https:\/\/adm.dental\/cs\/wp-json\/wp\/v2\/types\/page"}],"author":[{"embeddable":true,"href":"https:\/\/adm.dental\/cs\/wp-json\/wp\/v2\/users\/1"}],"replies":[{"embeddable":true,"href":"https:\/\/adm.dental\/cs\/wp-json\/wp\/v2\/comments?post=4523"}],"version-history":[{"count":0,"href":"https:\/\/adm.dental\/cs\/wp-json\/wp\/v2\/pages\/4523\/revisions"}],"wp:attachment":[{"href":"https:\/\/adm.dental\/cs\/wp-json\/wp\/v2\/media?parent=4523"}],"curies":[{"name":"wp","href":"https:\/\/api.w.org\/{rel}","templated":true}]}}