{"id":4525,"date":"2025-03-14T15:48:14","date_gmt":"2025-03-14T15:48:14","guid":{"rendered":"https:\/\/beta.adm.dental\/projects\/"},"modified":"2026-03-09T18:55:25","modified_gmt":"2026-03-09T18:55:25","slug":"projects","status":"publish","type":"page","link":"https:\/\/adm.dental\/cs\/projects\/","title":{"rendered":"Projekty"},"content":{"rendered":"\n<div class=\"wp-block-uagb-container uagb-block-2b721576 alignfull uagb-is-root-container\"><div class=\"uagb-container-inner-blocks-wrap\">\n<div class=\"wp-block-uagb-container uagb-block-6efc3905\">\n<div class=\"wp-block-uagb-container uag-blocks-common-selector uagb-block-f1c065c2\">\n<div class=\"uagb-position__sticky wp-block-uagb-container uagb-block-54886834\">\n<div class=\"wp-block-uagb-image uagb-block-78a814e2 wp-block-uagb-image--layout-default wp-block-uagb-image--effect-static wp-block-uagb-image--align-none\"><figure class=\"wp-block-uagb-image__figure\"><img decoding=\"async\" srcset=\"https:\/\/adm.dental\/wp-content\/uploads\/2025\/03\/Dentapreg_EU_Logo-376c96b8.webp ,https:\/\/adm.dental\/wp-content\/uploads\/2025\/03\/Dentapreg_EU_Logo-376c96b8.webp 780w, https:\/\/adm.dental\/wp-content\/uploads\/2025\/03\/Dentapreg_EU_Logo-376c96b8.webp 360w\" sizes=\"auto, (max-width: 480px) 150px\" src=\"https:\/\/adm.dental\/wp-content\/uploads\/2025\/03\/Dentapreg_EU_Logo-376c96b8.webp\" alt=\"\" class=\"uag-image-4056\" width=\"640\" height=\"200\" title=\"Dentapreg_EU_Logo-376c96b8\" loading=\"lazy\" role=\"img\"><\/figure><\/div>\n\n\n\n<div class=\"wp-block-uagb-image uagb-block-8e44289a wp-block-uagb-image--layout-default wp-block-uagb-image--effect-static wp-block-uagb-image--align-none\"><figure class=\"wp-block-uagb-image__figure\"><img decoding=\"async\" srcset=\"https:\/\/adm.dental\/wp-content\/uploads\/2025\/03\/NPO_logo-colour-blue-1024x576.png ,https:\/\/adm.dental\/wp-content\/uploads\/2025\/03\/NPO_logo-colour-blue.png 780w, https:\/\/adm.dental\/wp-content\/uploads\/2025\/03\/NPO_logo-colour-blue.png 360w\" sizes=\"auto, (max-width: 480px) 150px\" src=\"https:\/\/adm.dental\/wp-content\/uploads\/2025\/03\/NPO_logo-colour-blue-1024x576.png\" alt=\"\" class=\"uag-image-4340\" width=\"210\" height=\"118\" title=\"NPO_logo-colour-blue\" loading=\"lazy\" role=\"img\"><\/figure><\/div>\n\n\n\n<div class=\"wp-block-uagb-image uagb-block-d9af707a wp-block-uagb-image--layout-default wp-block-uagb-image--effect-static wp-block-uagb-image--align-none\"><figure class=\"wp-block-uagb-image__figure\"><img decoding=\"async\" srcset=\"https:\/\/adm.dental\/wp-content\/uploads\/2025\/03\/CS-Financov-no-Evropskou-uni\u00a1_PANTONE.png ,https:\/\/adm.dental\/wp-content\/uploads\/2025\/03\/CS-Financov-no-Evropskou-uni\u00a1_PANTONE.png 780w, https:\/\/adm.dental\/wp-content\/uploads\/2025\/03\/CS-Financov-no-Evropskou-uni\u00a1_PANTONE.png 360w\" sizes=\"auto, (max-width: 480px) 150px\" src=\"https:\/\/adm.dental\/wp-content\/uploads\/2025\/03\/CS-Financov-no-Evropskou-uni%C2%A1_PANTONE.png\" alt=\"\" class=\"uag-image-4404\" width=\"640\" height=\"170\" title=\"CS Financov no Evropskou uni\u00a1_PANTONE\" loading=\"lazy\" role=\"img\"><\/figure><\/div>\n<\/div>\n<\/div>\n\n\n\n<div class=\"wp-block-uagb-container uagb-block-de3e4323\"><\/div>\n\n\n\n<div class=\"wp-block-uagb-container uagb-block-43bc7b01\">\n<h2 class=\"wp-block-heading\" style=\"margin-top:0;margin-bottom:var(--wp--preset--spacing--50)\">Na\u0161e projekty<\/h2>\n\n\n\n<h3 class=\"wp-block-heading\">Patenty<\/h3>\n\n\n\n<p><strong>Reg. No.: CZ.01.1.02\/0.0\/0.0\/17_206\/0014967<\/strong><br\/><strong>Project for the protection of industrial property rights &#8211; ADM, a.s.<\/strong><br\/>Application for invention and grant of industrial property protection rights<\/p>\n\n\n\n<div class=\"wp-block-uagb-image alignleft uagb-block-63dc6c64 wp-block-uagb-image--layout-default wp-block-uagb-image--effect-static wp-block-uagb-image--align-left\"><figure class=\"wp-block-uagb-image__figure\"><img decoding=\"async\" srcset=\"https:\/\/adm.dental\/wp-content\/uploads\/2025\/11\/Spolufinancov-no-Evropskou-uni\u00a1-Barevn\u201a-1024x266.png ,https:\/\/adm.dental\/wp-content\/uploads\/2025\/11\/Spolufinancov-no-Evropskou-uni\u00a1-Barevn\u201a-scaled.png 780w, https:\/\/adm.dental\/wp-content\/uploads\/2025\/11\/Spolufinancov-no-Evropskou-uni\u00a1-Barevn\u201a-scaled.png 360w\" sizes=\"auto, (max-width: 480px) 150px\" src=\"https:\/\/adm.dental\/wp-content\/uploads\/2025\/11\/Spolufinancov-no-Evropskou-uni%C2%A1-Barevn%E2%80%9A-1024x266.png\" alt=\"\" class=\"uag-image-7026\" width=\"379\" height=\"98\" title=\"Spolufinancov\u00e1no Evropskou uni\u00ed\" loading=\"lazy\" role=\"img\"><\/figure><\/div>\n\n\n\n<h3 class=\"wp-block-heading\">Inovace 1<\/h3>\n\n\n\n<p><strong>Reg. \u010d.: CZ.01.1.02\/0.0\/0.0\/16_049\/0010106<br\/><\/strong>Zaveden\u00ed v\u00fdroby unik\u00e1tn\u00edch biomimetick\u00fdch dent\u00e1ln\u00edch materi\u00e1l\u016f a jejich dod\u00e1vka na glob\u00e1ln\u00ed trh prost\u0159ednictv\u00edm nov\u00e9ho prodejn\u00edho kan\u00e1lu a odpov\u00eddaj\u00edc\u00ed procesn\u00ed a organiza\u010dn\u00ed inovace<\/p>\n\n\n\n<div class=\"wp-block-uagb-image alignleft uagb-block-3b9f4179 wp-block-uagb-image--layout-default wp-block-uagb-image--effect-static wp-block-uagb-image--align-left\"><figure class=\"wp-block-uagb-image__figure\"><img decoding=\"async\" srcset=\"https:\/\/adm.dental\/wp-content\/uploads\/2025\/11\/Spolufinancov-no-Evropskou-uni\u00a1-Barevn\u201a-1024x266.png ,https:\/\/adm.dental\/wp-content\/uploads\/2025\/11\/Spolufinancov-no-Evropskou-uni\u00a1-Barevn\u201a-scaled.png 780w, https:\/\/adm.dental\/wp-content\/uploads\/2025\/11\/Spolufinancov-no-Evropskou-uni\u00a1-Barevn\u201a-scaled.png 360w\" sizes=\"auto, (max-width: 480px) 150px\" src=\"https:\/\/adm.dental\/wp-content\/uploads\/2025\/11\/Spolufinancov-no-Evropskou-uni%C2%A1-Barevn%E2%80%9A-1024x266.png\" alt=\"\" class=\"uag-image-7026\" width=\"379\" height=\"98\" title=\"Spolufinancov\u00e1no Evropskou uni\u00ed\" loading=\"lazy\" role=\"img\"><\/figure><\/div>\n\n\n\n<h3 class=\"wp-block-heading\">Inovace 2<\/h3>\n\n\n\n<p><strong>Reg. \u010d.: CZ.01.1.02\/0.0\/0.0\/17_170\/0015065<\/strong><br\/><strong>Zaveden\u00ed v\u00fdroby roz\u0161\u00ed\u0159en\u00e9ho portfolia unik\u00e1tn\u00edch biomimetick\u00fdch kompozitn\u00edch materi\u00e1l\u016f a jejich distribuce prost\u0159ednictv\u00edm nov\u00e9ho distribu\u010dn\u00edho kan\u00e1lu a odpov\u00eddaj\u00edc\u00ed procesn\u00ed a organiza\u010dn\u00ed inovace<\/strong><br\/>Projekt si klade za c\u00edl zav\u00e9st v\u00fdrobu 2 unik\u00e1tn\u00edch biomimetick\u00fdch kompozitn\u00edch materi\u00e1l\u016f a souvisej\u00edc\u00ed procesn\u00ed, organiza\u010dn\u00ed a marketingovou inovaci.<\/p>\n\n\n\n<div class=\"wp-block-uagb-image alignleft uagb-block-229bb3ee wp-block-uagb-image--layout-default wp-block-uagb-image--effect-static wp-block-uagb-image--align-left\"><figure class=\"wp-block-uagb-image__figure\"><img decoding=\"async\" srcset=\"https:\/\/adm.dental\/wp-content\/uploads\/2025\/11\/Spolufinancov-no-Evropskou-uni\u00a1-Barevn\u201a-1024x266.png ,https:\/\/adm.dental\/wp-content\/uploads\/2025\/11\/Spolufinancov-no-Evropskou-uni\u00a1-Barevn\u201a-scaled.png 780w, https:\/\/adm.dental\/wp-content\/uploads\/2025\/11\/Spolufinancov-no-Evropskou-uni\u00a1-Barevn\u201a-scaled.png 360w\" sizes=\"auto, (max-width: 480px) 150px\" src=\"https:\/\/adm.dental\/wp-content\/uploads\/2025\/11\/Spolufinancov-no-Evropskou-uni%C2%A1-Barevn%E2%80%9A-1024x266.png\" alt=\"\" class=\"uag-image-7026\" width=\"379\" height=\"98\" title=\"Spolufinancov\u00e1no Evropskou uni\u00ed\" loading=\"lazy\" role=\"img\"><\/figure><\/div>\n\n\n\n<h3 class=\"wp-block-heading\">Aplikace 1<\/h3>\n\n\n\n<p><strong>\u010c\u00edslo: <\/strong>:<strong> CZ.01.1.02\/0.0\/0.0\/15_018\/0004714<\/strong><br\/><strong>Zaveden\u00ed poloprovozu pro v\u00fdrobu nov\u00e9ho biomimetick\u00e9ho materi\u00e1lu s mo\u017enost\u00ed 3D tisku<\/strong><br\/>P\u0159edm\u011btem projektu je poloprovoz umo\u017e\u0148uj\u00edc\u00ed v\u00fdrobu mal\u00fdch s\u00e9ri\u00ed biomimetick\u00fdch kompozit\u016f nov\u00e9 generace pomoc\u00ed standardizovan\u00e9ho v\u00fdrobn\u00edho procesu.<\/p>\n\n\n\n<div class=\"wp-block-uagb-image alignleft uagb-block-2638e7be wp-block-uagb-image--layout-default wp-block-uagb-image--effect-static wp-block-uagb-image--align-left\"><figure class=\"wp-block-uagb-image__figure\"><img decoding=\"async\" srcset=\"https:\/\/adm.dental\/wp-content\/uploads\/2025\/11\/Spolufinancov-no-Evropskou-uni\u00a1-Barevn\u201a-1024x266.png ,https:\/\/adm.dental\/wp-content\/uploads\/2025\/11\/Spolufinancov-no-Evropskou-uni\u00a1-Barevn\u201a-scaled.png 780w, https:\/\/adm.dental\/wp-content\/uploads\/2025\/11\/Spolufinancov-no-Evropskou-uni\u00a1-Barevn\u201a-scaled.png 360w\" sizes=\"auto, (max-width: 480px) 150px\" src=\"https:\/\/adm.dental\/wp-content\/uploads\/2025\/11\/Spolufinancov-no-Evropskou-uni%C2%A1-Barevn%E2%80%9A-1024x266.png\" alt=\"\" class=\"uag-image-7026\" width=\"379\" height=\"98\" title=\"Spolufinancov\u00e1no Evropskou uni\u00ed\" loading=\"lazy\" role=\"img\"><\/figure><\/div>\n\n\n\n<h3 class=\"wp-block-heading\">Aplikace 2<\/h3>\n\n\n\n<p><strong>Reg. \u010d.: CZ.01.1.02\/0.0\/0.0\/17_175\/0015454<\/strong><br\/><strong>Roz\u0161\u00ed\u0159en\u00ed portfolia v\u00fdrobk\u016f Dentapreg, Fibrafill, Reterock a Fibralab a zaveden\u00ed poloprocesu pro v\u00fdrobu kr\u00e1tce vyztu\u017een\u00fdch a vyztu\u017een\u00fdch kompozit\u016f pro CAD\/CAM<\/strong><br\/>P\u0159edm\u011btem projektu je prost\u0159ednictv\u00edm pr\u016fmyslov\u00e9ho v\u00fdzkumu a experiment\u00e1ln\u00edho v\u00fdvoje z\u00edskat nov\u00e9 znalosti a dovednosti, kter\u00e9 umo\u017en\u00ed rutinn\u00ed v\u00fdrobu nov\u00e9 generace unik\u00e1tn\u00edch biomimetick\u00fdch kompozitn\u00edch materi\u00e1l\u016f a n\u011bkolika podp\u016frn\u00fdch za\u0159\u00edzen\u00ed a p\u0159\u00edpravk\u016f pro jejich aplikaci. Na z\u00e1klad\u011b navrhovan\u00e9ho projektu spole\u010dnost roz\u0161\u00ed\u0159\u00ed sv\u00e9 portfolio v\u00fdrobk\u016f a zavede nov\u00fd poloprovoz. <\/p>\n\n\n\n<div class=\"wp-block-uagb-image alignleft uagb-block-ee29d5e5 wp-block-uagb-image--layout-default wp-block-uagb-image--effect-static wp-block-uagb-image--align-left\"><figure class=\"wp-block-uagb-image__figure\"><img decoding=\"async\" srcset=\"https:\/\/adm.dental\/wp-content\/uploads\/2025\/11\/Spolufinancov-no-Evropskou-uni\u00a1-Barevn\u201a-1024x266.png ,https:\/\/adm.dental\/wp-content\/uploads\/2025\/11\/Spolufinancov-no-Evropskou-uni\u00a1-Barevn\u201a-scaled.png 780w, https:\/\/adm.dental\/wp-content\/uploads\/2025\/11\/Spolufinancov-no-Evropskou-uni\u00a1-Barevn\u201a-scaled.png 360w\" sizes=\"auto, (max-width: 480px) 150px\" src=\"https:\/\/adm.dental\/wp-content\/uploads\/2025\/11\/Spolufinancov-no-Evropskou-uni%C2%A1-Barevn%E2%80%9A-1024x266.png\" alt=\"\" class=\"uag-image-7026\" width=\"379\" height=\"98\" title=\"Spolufinancov\u00e1no Evropskou uni\u00ed\" loading=\"lazy\" role=\"img\"><\/figure><\/div>\n\n\n\n<h3 class=\"wp-block-heading\">APLIKACE &#8211; V\u00fdzva I.<\/h3>\n\n\n\n<p><strong>\u010c\u00edslo: <\/strong>:<strong> CZ.01.01.01\/0.1\/22_002\/0000642<\/strong><br\/>V\u00fdvoj nov\u00e9 generace bioaktivn\u00edch a struktur\u00e1ln\u00edch kompozit\u016f pro restorativn\u00ed stomatologii a implantologii a technologi\u00ed pro \u0161k\u00e1lovatelnou malos\u00e9riovou v\u00fdrobu t\u011bchto materi\u00e1l\u016f<br\/>V\u00fdzkum a v\u00fdvoj n\u00e1sledn\u00e9 generace biomimetick\u00fdch restorativn\u00edch kompozitn\u00edch materi\u00e1l\u016f, kter\u00e9 budou kombinovat vynikaj\u00edc\u00ed mechanick\u00e9 vlastnosti st\u00e1vaj\u00edc\u00ed \u0159ady Fibrafill s bioaktivn\u00edmi funkcemi jako je antibakteri\u00e1ln\u00ed p\u016fsoben\u00ed a remineralizace<\/p>\n\n\n\n<div class=\"wp-block-group is-nowrap is-layout-flex wp-container-core-group-is-layout-6c531013 wp-block-group-is-layout-flex\">\n<div class=\"wp-block-uagb-image alignleft uagb-block-d28b1001 wp-block-uagb-image--layout-default wp-block-uagb-image--effect-static wp-block-uagb-image--align-left\"><figure class=\"wp-block-uagb-image__figure\"><img decoding=\"async\" srcset=\"https:\/\/adm.dental\/wp-content\/uploads\/2025\/11\/Spolufinancov-no-Evropskou-uni\u00a1-Barevn\u201a-1024x266.png ,https:\/\/adm.dental\/wp-content\/uploads\/2025\/11\/Spolufinancov-no-Evropskou-uni\u00a1-Barevn\u201a-scaled.png 780w, https:\/\/adm.dental\/wp-content\/uploads\/2025\/11\/Spolufinancov-no-Evropskou-uni\u00a1-Barevn\u201a-scaled.png 360w\" sizes=\"auto, (max-width: 480px) 150px\" src=\"https:\/\/adm.dental\/wp-content\/uploads\/2025\/11\/Spolufinancov-no-Evropskou-uni%C2%A1-Barevn%E2%80%9A-1024x266.png\" alt=\"\" class=\"uag-image-7026\" width=\"379\" height=\"98\" title=\"Spolufinancov\u00e1no Evropskou uni\u00ed\" loading=\"lazy\" role=\"img\"><\/figure><\/div>\n\n\n\n<div class=\"wp-block-uagb-image alignleft uagb-block-3e095404 wp-block-uagb-image--layout-default wp-block-uagb-image--effect-static wp-block-uagb-image--align-left\"><figure class=\"wp-block-uagb-image__figure\"><img decoding=\"async\" srcset=\"https:\/\/adm.dental\/wp-content\/uploads\/2026\/03\/ministerstvo-prumyslu-a-obchodu-logo-png_seeklogo-356889-1.png ,https:\/\/adm.dental\/wp-content\/uploads\/2026\/03\/ministerstvo-prumyslu-a-obchodu-logo-png_seeklogo-356889-1-e1773082457171.png 780w, https:\/\/adm.dental\/wp-content\/uploads\/2026\/03\/ministerstvo-prumyslu-a-obchodu-logo-png_seeklogo-356889-1-e1773082457171.png 360w\" sizes=\"auto, (max-width: 480px) 150px\" src=\"https:\/\/adm.dental\/wp-content\/uploads\/2026\/03\/ministerstvo-prumyslu-a-obchodu-logo-png_seeklogo-356889-1.png\" alt=\"\" class=\"uag-image-7257\" width=\"158\" height=\"158\" title=\"ministerstvo-prumyslu-a-obchodu-logo-png_seeklogo-356889 (1)\" loading=\"lazy\" role=\"img\"><\/figure><\/div>\n<\/div>\n\n\n\n<h3 class=\"wp-block-heading\">Proof of Concept<\/h3>\n\n\n\n<p><strong>Reg. \u010d.: CZ.01.1.02\/0.0\/0.0\/19_265\/0021476<\/strong><br\/><strong>Transfer znalost\u00ed v oblasti optimalizace materi\u00e1l\u016f pro 3D tisk ve stomatologii.<\/strong><br\/>Tento projekt je p\u0159edkl\u00e1d\u00e1n s c\u00edlem transferu know-how v\u00fdzkumn\u00e9 organizace v oblasti:<\/p>\n\n\n\n<ul style=\"margin-top:0;margin-bottom:0\" class=\"wp-block-list\">\n<li>3D tisknuteln\u00e9 materi\u00e1ly na b\u00e1zi fotopolymer\u016f pro dent\u00e1ln\u00ed aplikace<\/li>\n\n\n\n<li>jejich fyzik\u00e1ln\u011b-chemick\u00e9 vlastnosti<\/li>\n\n\n\n<li>jejich zpracovatelnost<\/li>\n\n\n\n<li>modifikace hybridn\u00edch kompozit\u016f pro technologii 3D tisku SLA.<\/li>\n<\/ul>\n\n\n\n<div class=\"wp-block-uagb-image alignleft uagb-block-b3e2f9c9 wp-block-uagb-image--layout-default wp-block-uagb-image--effect-static wp-block-uagb-image--align-left\"><figure class=\"wp-block-uagb-image__figure\"><img decoding=\"async\" srcset=\"https:\/\/adm.dental\/wp-content\/uploads\/2025\/11\/Spolufinancov-no-Evropskou-uni\u00a1-Barevn\u201a-1024x266.png ,https:\/\/adm.dental\/wp-content\/uploads\/2025\/11\/Spolufinancov-no-Evropskou-uni\u00a1-Barevn\u201a-scaled.png 780w, https:\/\/adm.dental\/wp-content\/uploads\/2025\/11\/Spolufinancov-no-Evropskou-uni\u00a1-Barevn\u201a-scaled.png 360w\" sizes=\"auto, (max-width: 480px) 150px\" src=\"https:\/\/adm.dental\/wp-content\/uploads\/2025\/11\/Spolufinancov-no-Evropskou-uni%C2%A1-Barevn%E2%80%9A-1024x266.png\" alt=\"\" class=\"uag-image-7026\" width=\"379\" height=\"98\" title=\"Spolufinancov\u00e1no Evropskou uni\u00ed\" loading=\"lazy\" role=\"img\"><\/figure><\/div>\n\n\n\n<h3 class=\"wp-block-heading\">Recertifikace syst\u00e9mu \u0159\u00edzen\u00ed kvality ISO 13485<\/h3>\n\n\n\n<p><strong>\u010c\u00edslo: <\/strong>: <strong>MPO 81958\/2024<\/strong><\/p>\n\n\n\n<p>Digit\u00e1ln\u00ed ekonomika a spole\u010dnost, inovativn\u00ed start-upy a nov\u00e9 technologie<\/p>\n\n\n\n<h3 class=\"wp-block-heading\">V\u00fdvoj a komercializace dostavbov\u00e9ho vl\u00e1knov\u00e9ho kompozitu pro pokro\u010dilou technologii 3D tisku &#8211; Digital Press Stereolitography ve stomatologii<\/h3>\n\n\n\n<p><strong>\u010c\u00edslo: <\/strong><strong>CZ.01.01.01\/08\/23_035\/0005302<\/strong><\/p>\n\n\n\n<p>Zpracov\u00e1n\u00ed studie proveditelnosti v\u00fdvoje a n\u00e1sledn\u00e9 komercializace nov\u00e9 generace vl\u00e1knov\u00fdch dostavbov\u00fdch kompozit\u016f ur\u010den\u00fdch pro 3D tisk technologi\u00ed Digital Press Stereolitography (DPS).<\/p>\n\n\n\n<div class=\"wp-block-uagb-image alignleft uagb-block-10e332c7 wp-block-uagb-image--layout-default wp-block-uagb-image--effect-static wp-block-uagb-image--align-left\"><figure class=\"wp-block-uagb-image__figure\"><img decoding=\"async\" srcset=\"https:\/\/adm.dental\/wp-content\/uploads\/2025\/11\/Spolufinancov-no-Evropskou-uni\u00a1-Barevn\u201a-1024x266.png ,https:\/\/adm.dental\/wp-content\/uploads\/2025\/11\/Spolufinancov-no-Evropskou-uni\u00a1-Barevn\u201a-scaled.png 780w, https:\/\/adm.dental\/wp-content\/uploads\/2025\/11\/Spolufinancov-no-Evropskou-uni\u00a1-Barevn\u201a-scaled.png 360w\" sizes=\"auto, (max-width: 480px) 150px\" src=\"https:\/\/adm.dental\/wp-content\/uploads\/2025\/11\/Spolufinancov-no-Evropskou-uni%C2%A1-Barevn%E2%80%9A-1024x266.png\" alt=\"\" class=\"uag-image-7026\" width=\"379\" height=\"98\" title=\"Spolufinancov\u00e1no Evropskou uni\u00ed\" loading=\"lazy\" role=\"img\"><\/figure><\/div>\n<\/div>\n<\/div>\n<\/div><\/div>\n\n<p><\/p>\n","protected":false},"excerpt":{"rendered":"<p>Na\u0161e projekty Patenty Reg. No.: CZ.01.1.02\/0.0\/0.0\/17_206\/0014967Project for the protection of industrial property rights &#8211; ADM, a.s.Application for invention and grant of industrial property protection rights Inovace 1 Reg. \u010d.: CZ.01.1.02\/0.0\/0.0\/16_049\/0010106Zaveden\u00ed v\u00fdroby unik\u00e1tn\u00edch biomimetick\u00fdch dent\u00e1ln\u00edch materi\u00e1l\u016f a jejich dod\u00e1vka na glob\u00e1ln\u00ed trh prost\u0159ednictv\u00edm nov\u00e9ho prodejn\u00edho kan\u00e1lu a odpov\u00eddaj\u00edc\u00ed procesn\u00ed a organiza\u010dn\u00ed inovace Inovace 2 Reg. \u010d.: [&hellip;]<\/p>\n","protected":false},"author":1,"featured_media":0,"parent":0,"menu_order":0,"comment_status":"closed","ping_status":"closed","template":"","meta":{"_uag_custom_page_level_css":"","footnotes":""},"class_list":["post-4525","page","type-page","status-publish","hentry"],"blocksy_meta":[],"uagb_featured_image_src":{"full":false,"thumbnail":false,"medium":false,"medium_large":false,"large":false,"1536x1536":false,"2048x2048":false,"woocommerce_archive_thumbnail":false,"woocommerce_thumbnail":false,"woocommerce_single":false,"woocommerce_gallery_thumbnail":false},"uagb_author_info":{"display_name":"david","author_link":"https:\/\/adm.dental\/cs\/author\/david\/"},"uagb_comment_info":0,"uagb_excerpt":"Na\u0161e projekty Patenty Reg. No.: CZ.01.1.02\/0.0\/0.0\/17_206\/0014967Project for the protection of industrial property rights &#8211; ADM, a.s.Application for invention and grant of industrial property protection rights Inovace 1 Reg. \u010d.: CZ.01.1.02\/0.0\/0.0\/16_049\/0010106Zaveden\u00ed v\u00fdroby unik\u00e1tn\u00edch biomimetick\u00fdch dent\u00e1ln\u00edch materi\u00e1l\u016f a jejich dod\u00e1vka na glob\u00e1ln\u00ed trh prost\u0159ednictv\u00edm nov\u00e9ho prodejn\u00edho kan\u00e1lu a odpov\u00eddaj\u00edc\u00ed procesn\u00ed a organiza\u010dn\u00ed inovace Inovace 2 Reg. \u010d.:&hellip;","_links":{"self":[{"href":"https:\/\/adm.dental\/cs\/wp-json\/wp\/v2\/pages\/4525","targetHints":{"allow":["GET"]}}],"collection":[{"href":"https:\/\/adm.dental\/cs\/wp-json\/wp\/v2\/pages"}],"about":[{"href":"https:\/\/adm.dental\/cs\/wp-json\/wp\/v2\/types\/page"}],"author":[{"embeddable":true,"href":"https:\/\/adm.dental\/cs\/wp-json\/wp\/v2\/users\/1"}],"replies":[{"embeddable":true,"href":"https:\/\/adm.dental\/cs\/wp-json\/wp\/v2\/comments?post=4525"}],"version-history":[{"count":6,"href":"https:\/\/adm.dental\/cs\/wp-json\/wp\/v2\/pages\/4525\/revisions"}],"predecessor-version":[{"id":7266,"href":"https:\/\/adm.dental\/cs\/wp-json\/wp\/v2\/pages\/4525\/revisions\/7266"}],"wp:attachment":[{"href":"https:\/\/adm.dental\/cs\/wp-json\/wp\/v2\/media?parent=4525"}],"curies":[{"name":"wp","href":"https:\/\/api.w.org\/{rel}","templated":true}]}}