{"id":6044,"date":"2025-03-14T14:33:34","date_gmt":"2025-03-14T14:33:34","guid":{"rendered":"https:\/\/adm.dental\/uber-uns\/"},"modified":"2025-06-07T22:29:51","modified_gmt":"2025-06-07T22:29:51","slug":"uber-uns","status":"publish","type":"page","link":"https:\/\/adm.dental\/de\/uber-uns\/","title":{"rendered":"\u00dcber uns"},"content":{"rendered":"\n<div class=\"wp-block-uagb-container uagb-block-2b721576 alignfull uagb-is-root-container\"><div class=\"uagb-container-inner-blocks-wrap\">\n<div class=\"wp-block-uagb-container uagb-block-6efc3905\">\n<div class=\"wp-block-uagb-container uagb-block-24312f7a\">\n<div class=\"wp-block-uagb-image uagb-block-11a89fab wp-block-uagb-image--layout-default wp-block-uagb-image--effect-static wp-block-uagb-image--align-none\"><figure class=\"wp-block-uagb-image__figure\"><img decoding=\"async\" srcset=\"https:\/\/adm.dental\/wp-content\/uploads\/2024\/10\/ADM-Motto-2023.svg ,https:\/\/adm.dental\/wp-content\/uploads\/2024\/10\/ADM-Motto-2023.svg 780w, https:\/\/adm.dental\/wp-content\/uploads\/2024\/10\/ADM-Motto-2023.svg 360w\" sizes=\"auto, (max-width: 480px) 150px\" src=\"https:\/\/adm.dental\/wp-content\/uploads\/2024\/10\/ADM-Motto-2023.svg\" alt=\"\" class=\"uag-image-17\" width=\"300\" height=\"146\" title=\"ADM Motto 2023\" loading=\"lazy\" role=\"img\"><\/figure><\/div>\n<\/div>\n\n\n\n<div class=\"wp-block-uagb-container uagb-block-de3e4323\"><\/div>\n\n\n\n<div class=\"wp-block-uagb-container uagb-block-c2d8c2b3\">\n<div class=\"wp-block-uagb-advanced-heading uagb-block-612d44dc\"><h2 class=\"uagb-heading-text\">\u00dcber uns <\/h2><\/div>\n\n\n\n<p>Die Geschichte von Dentapreg\u00ae und Fibrafill\u00ae begann &#8211; ausgerechnet &#8211; in einem Kindergarten, und zwar in der damaligen Kommunistischen Tschechoslowakei, als zwei Freunde gemeinsam im Sandkasten spielten. Einer von ihnen war Josef Jancar, der andere Zbyn\u011bk Sediv\u00fd. Viele Jahre vergingen. Nach der Samtenen Revolution und dem Fall des Kommunismus erhielten die beiden Freunde endlich die Freiheit und Gelegenheit, ihre Tr\u00e4ume zu verwirklichen. Herr Sediv\u00fd, als Ingenieur, war an der Umstellung der tschechischen Luftfahrtindustrie auf eine westlich orientierte Gesch\u00e4ftsausrichtung beteiligt. Herr Jancar, als Physikochemiker, wurde Postdoktorand an der University of Connecticut, wo er sich auf Materialwissenschaften im medizinischen Bereich konzentrierte.     <\/p>\n\n\n\n<p>Nach dem Fall des Kommunismus trug Zbyn\u011bk \u0160ediv\u00fd zur Umgestaltung der tschechischen Luftfahrtindustrie bei, w\u00e4hrend sich Josef Jan\u010d\u00e1\u0159 der Materialwissenschaft in der Medizin widmete. Viele Jahre sp\u00e4ter trafen sich die beiden Freunde wieder. Sie sprachen nicht mehr \u00fcber den Sandkasten, sondern \u00fcber ihre beruflichen Interessen. Im Jahr 1995 gr\u00fcndeten sie die Firma ADM a.s. (Advanced Dental Materials), wo sie begannen, den Einsatz fortschrittlicher Verbundwerkstoffe in der Zahnmedizin zu erforschen. Die Entwicklung einer neuen Verbundwerkstoffklasse dauerte mehrere Jahre, doch im Jahr 2004 wurde die erste Generation der Dentapreg-Produkte vorgestellt.    <\/p>\n\n\n\n<p>Heute z\u00e4hlt ADM a.s. f\u00fchrende Zahn\u00e4rzte weltweit zu seinen Kunden, und die Produktlinien Dentapreg und Fibrafill unterst\u00fctzen Patienten auf jedem Kontinent.<\/p>\n<\/div>\n<\/div>\n<\/div><\/div>\n","protected":false},"excerpt":{"rendered":"<p>\u00dcber uns Die Geschichte von Dentapreg\u00ae und Fibrafill\u00ae begann &#8211; ausgerechnet &#8211; in einem Kindergarten, und zwar in der damaligen Kommunistischen Tschechoslowakei, als zwei Freunde gemeinsam im Sandkasten spielten. Einer von ihnen war Josef Jancar, der andere Zbyn\u011bk Sediv\u00fd. Viele Jahre vergingen. Nach der Samtenen Revolution und dem Fall des Kommunismus erhielten die beiden Freunde [&hellip;]<\/p>\n","protected":false},"author":1,"featured_media":0,"parent":0,"menu_order":0,"comment_status":"closed","ping_status":"closed","template":"","meta":{"_uag_custom_page_level_css":"","footnotes":""},"class_list":["post-6044","page","type-page","status-publish","hentry"],"blocksy_meta":[],"uagb_featured_image_src":{"full":false,"thumbnail":false,"medium":false,"medium_large":false,"large":false,"1536x1536":false,"2048x2048":false,"woocommerce_archive_thumbnail":false,"woocommerce_thumbnail":false,"woocommerce_single":false,"woocommerce_gallery_thumbnail":false},"uagb_author_info":{"display_name":"david","author_link":"https:\/\/adm.dental\/de\/author\/david\/"},"uagb_comment_info":0,"uagb_excerpt":"\u00dcber uns Die Geschichte von Dentapreg\u00ae und Fibrafill\u00ae begann &#8211; ausgerechnet &#8211; in einem Kindergarten, und zwar in der damaligen Kommunistischen Tschechoslowakei, als zwei Freunde gemeinsam im Sandkasten spielten. Einer von ihnen war Josef Jancar, der andere Zbyn\u011bk Sediv\u00fd. Viele Jahre vergingen. Nach der Samtenen Revolution und dem Fall des Kommunismus erhielten die beiden Freunde&hellip;","_links":{"self":[{"href":"https:\/\/adm.dental\/de\/wp-json\/wp\/v2\/pages\/6044","targetHints":{"allow":["GET"]}}],"collection":[{"href":"https:\/\/adm.dental\/de\/wp-json\/wp\/v2\/pages"}],"about":[{"href":"https:\/\/adm.dental\/de\/wp-json\/wp\/v2\/types\/page"}],"author":[{"embeddable":true,"href":"https:\/\/adm.dental\/de\/wp-json\/wp\/v2\/users\/1"}],"replies":[{"embeddable":true,"href":"https:\/\/adm.dental\/de\/wp-json\/wp\/v2\/comments?post=6044"}],"version-history":[{"count":1,"href":"https:\/\/adm.dental\/de\/wp-json\/wp\/v2\/pages\/6044\/revisions"}],"predecessor-version":[{"id":6045,"href":"https:\/\/adm.dental\/de\/wp-json\/wp\/v2\/pages\/6044\/revisions\/6045"}],"wp:attachment":[{"href":"https:\/\/adm.dental\/de\/wp-json\/wp\/v2\/media?parent=6044"}],"curies":[{"name":"wp","href":"https:\/\/api.w.org\/{rel}","templated":true}]}}