{"id":6111,"date":"2025-03-14T15:48:14","date_gmt":"2025-03-14T15:48:14","guid":{"rendered":"https:\/\/adm.dental\/projekte\/"},"modified":"2026-03-09T18:56:19","modified_gmt":"2026-03-09T18:56:19","slug":"projects","status":"publish","type":"page","link":"https:\/\/adm.dental\/de\/projects\/","title":{"rendered":"Projekte"},"content":{"rendered":"\n<div class=\"wp-block-uagb-container uagb-block-2b721576 alignfull uagb-is-root-container\"><div class=\"uagb-container-inner-blocks-wrap\">\n<div class=\"wp-block-uagb-container uagb-block-6efc3905\">\n<div class=\"wp-block-uagb-container uag-blocks-common-selector uagb-block-f1c065c2\">\n<div class=\"uagb-position__sticky wp-block-uagb-container uagb-block-54886834\">\n<div class=\"wp-block-uagb-image uagb-block-78a814e2 wp-block-uagb-image--layout-default wp-block-uagb-image--effect-static wp-block-uagb-image--align-none\"><figure class=\"wp-block-uagb-image__figure\"><img decoding=\"async\" srcset=\"https:\/\/adm.dental\/wp-content\/uploads\/2025\/03\/Dentapreg_EU_Logo-376c96b8.webp ,https:\/\/adm.dental\/wp-content\/uploads\/2025\/03\/Dentapreg_EU_Logo-376c96b8.webp 780w, https:\/\/adm.dental\/wp-content\/uploads\/2025\/03\/Dentapreg_EU_Logo-376c96b8.webp 360w\" sizes=\"auto, (max-width: 480px) 150px\" src=\"https:\/\/adm.dental\/wp-content\/uploads\/2025\/03\/Dentapreg_EU_Logo-376c96b8.webp\" alt=\"\" class=\"uag-image-4056\" width=\"640\" height=\"200\" title=\"Dentapreg_EU_Logo-376c96b8\" loading=\"lazy\" role=\"img\"><\/figure><\/div>\n\n\n\n<div class=\"wp-block-uagb-image uagb-block-8e44289a wp-block-uagb-image--layout-default wp-block-uagb-image--effect-static wp-block-uagb-image--align-none\"><figure class=\"wp-block-uagb-image__figure\"><img decoding=\"async\" srcset=\"https:\/\/adm.dental\/wp-content\/uploads\/2025\/03\/NPO_logo-colour-blue-1024x576.png ,https:\/\/adm.dental\/wp-content\/uploads\/2025\/03\/NPO_logo-colour-blue.png 780w, https:\/\/adm.dental\/wp-content\/uploads\/2025\/03\/NPO_logo-colour-blue.png 360w\" sizes=\"auto, (max-width: 480px) 150px\" src=\"https:\/\/adm.dental\/wp-content\/uploads\/2025\/03\/NPO_logo-colour-blue-1024x576.png\" alt=\"\" class=\"uag-image-4340\" width=\"210\" height=\"118\" title=\"NPO_logo-colour-blue\" loading=\"lazy\" role=\"img\"><\/figure><\/div>\n\n\n\n<div class=\"wp-block-uagb-image uagb-block-d9af707a wp-block-uagb-image--layout-default wp-block-uagb-image--effect-static wp-block-uagb-image--align-none\"><figure class=\"wp-block-uagb-image__figure\"><img decoding=\"async\" srcset=\"https:\/\/adm.dental\/wp-content\/uploads\/2025\/03\/CS-Financov-no-Evropskou-uni\u00a1_PANTONE.png ,https:\/\/adm.dental\/wp-content\/uploads\/2025\/03\/CS-Financov-no-Evropskou-uni\u00a1_PANTONE.png 780w, https:\/\/adm.dental\/wp-content\/uploads\/2025\/03\/CS-Financov-no-Evropskou-uni\u00a1_PANTONE.png 360w\" sizes=\"auto, (max-width: 480px) 150px\" src=\"https:\/\/adm.dental\/wp-content\/uploads\/2025\/03\/CS-Financov-no-Evropskou-uni%C2%A1_PANTONE.png\" alt=\"\" class=\"uag-image-4404\" width=\"640\" height=\"170\" title=\"CS Financov no Evropskou uni\u00a1_PANTONE\" loading=\"lazy\" role=\"img\"><\/figure><\/div>\n<\/div>\n<\/div>\n\n\n\n<div class=\"wp-block-uagb-container uagb-block-de3e4323\"><\/div>\n\n\n\n<div class=\"wp-block-uagb-container uagb-block-43bc7b01\">\n<h2 class=\"wp-block-heading\" style=\"margin-top:0;margin-bottom:var(--wp--preset--spacing--50)\">Unsere Projekte<\/h2>\n\n\n\n<h3 class=\"wp-block-heading\">Patente<\/h3>\n\n\n\n<p><strong>Reg. Nr. Nr.: CZ.01.1.02\/0.0\/0.0\/17_206\/0014967<\/strong><br\/><strong>Projekt zum Schutz gewerblicher Schutzrechte &#8211; ADM, a.s.<\/strong><br\/>Antrag auf Erfindung und Erteilung von gewerblichen Schutzrechten<\/p>\n\n\n\n<div class=\"wp-block-uagb-image alignleft uagb-block-63dc6c64 wp-block-uagb-image--layout-default wp-block-uagb-image--effect-static wp-block-uagb-image--align-left\"><figure class=\"wp-block-uagb-image__figure\"><img decoding=\"async\" srcset=\"https:\/\/adm.dental\/wp-content\/uploads\/2025\/11\/Spolufinancov-no-Evropskou-uni\u00a1-Barevn\u201a-1024x266.png ,https:\/\/adm.dental\/wp-content\/uploads\/2025\/11\/Spolufinancov-no-Evropskou-uni\u00a1-Barevn\u201a-scaled.png 780w, https:\/\/adm.dental\/wp-content\/uploads\/2025\/11\/Spolufinancov-no-Evropskou-uni\u00a1-Barevn\u201a-scaled.png 360w\" sizes=\"auto, (max-width: 480px) 150px\" src=\"https:\/\/adm.dental\/wp-content\/uploads\/2025\/11\/Spolufinancov-no-Evropskou-uni%C2%A1-Barevn%E2%80%9A-1024x266.png\" alt=\"\" class=\"uag-image-7026\" width=\"379\" height=\"98\" title=\"Spolufinancov no Evropskou uni\u00a1 Barevn\u201a\" loading=\"lazy\" role=\"img\"><\/figure><\/div>\n\n\n\n<h3 class=\"wp-block-heading\">Innovation 1<\/h3>\n\n\n\n<p><strong>Reg. Nr. Nr.: CZ.01.1.02\/0.0\/0.0\/16_049\/0010106<br\/><\/strong>Einf\u00fchrung der Produktion einzigartiger biomimetischer Dentalmaterialien und deren Lieferung auf den globalen Markt durch einen neuen Vertriebskanal und entsprechende Prozess- und Organisationsinnovation<\/p>\n\n\n\n<div class=\"wp-block-uagb-image alignleft uagb-block-3b9f4179 wp-block-uagb-image--layout-default wp-block-uagb-image--effect-static wp-block-uagb-image--align-left\"><figure class=\"wp-block-uagb-image__figure\"><img decoding=\"async\" srcset=\"https:\/\/adm.dental\/wp-content\/uploads\/2025\/11\/Spolufinancov-no-Evropskou-uni\u00a1-Barevn\u201a-1024x266.png ,https:\/\/adm.dental\/wp-content\/uploads\/2025\/11\/Spolufinancov-no-Evropskou-uni\u00a1-Barevn\u201a-scaled.png 780w, https:\/\/adm.dental\/wp-content\/uploads\/2025\/11\/Spolufinancov-no-Evropskou-uni\u00a1-Barevn\u201a-scaled.png 360w\" sizes=\"auto, (max-width: 480px) 150px\" src=\"https:\/\/adm.dental\/wp-content\/uploads\/2025\/11\/Spolufinancov-no-Evropskou-uni%C2%A1-Barevn%E2%80%9A-1024x266.png\" alt=\"\" class=\"uag-image-7026\" width=\"379\" height=\"98\" title=\"Spolufinancov no Evropskou uni\u00a1 Barevn\u201a\" loading=\"lazy\" role=\"img\"><\/figure><\/div>\n\n\n\n<h3 class=\"wp-block-heading\">Innovation 2<\/h3>\n\n\n\n<p><strong>Reg. Nr. Nr.: CZ.01.1.02\/0.0\/0.0\/17_170\/0015065<\/strong><br\/>E<strong>inf\u00fchrung der Produktion und des Vertriebs eines erweiterten Portfolios einzigartiger biomimetischer Kompositmaterialien<br\/>Das Projekt zielt darauf ab, die Produktion von zwei einzigartigen biomimetischen Kompositmaterialien einzuf\u00fchren.<\/strong> Dies umfasst auch die Etablierung eines neuen Vertriebskanals sowie die damit verbundenen Prozess- und Organisationsinnovationen und Marketinginnovationen.<\/p>\n\n\n\n<div class=\"wp-block-uagb-image alignleft uagb-block-229bb3ee wp-block-uagb-image--layout-default wp-block-uagb-image--effect-static wp-block-uagb-image--align-left\"><figure class=\"wp-block-uagb-image__figure\"><img decoding=\"async\" srcset=\"https:\/\/adm.dental\/wp-content\/uploads\/2025\/11\/Spolufinancov-no-Evropskou-uni\u00a1-Barevn\u201a-1024x266.png ,https:\/\/adm.dental\/wp-content\/uploads\/2025\/11\/Spolufinancov-no-Evropskou-uni\u00a1-Barevn\u201a-scaled.png 780w, https:\/\/adm.dental\/wp-content\/uploads\/2025\/11\/Spolufinancov-no-Evropskou-uni\u00a1-Barevn\u201a-scaled.png 360w\" sizes=\"auto, (max-width: 480px) 150px\" src=\"https:\/\/adm.dental\/wp-content\/uploads\/2025\/11\/Spolufinancov-no-Evropskou-uni%C2%A1-Barevn%E2%80%9A-1024x266.png\" alt=\"\" class=\"uag-image-7026\" width=\"379\" height=\"98\" title=\"Spolufinancov no Evropskou uni\u00a1 Barevn\u201a\" loading=\"lazy\" role=\"img\"><\/figure><\/div>\n\n\n\n<h3 class=\"wp-block-heading\">Anwendung 1<\/h3>\n\n\n\n<p><strong>Reg. Nr. <\/strong>:<strong> CZ.01.1.02\/0.0\/0.0\/15_018\/0004714<\/strong><br\/><strong>Einf\u00fchrung eines Semiprozesses zur Herstellung eines neuen biomimetischen Materials mit 3D-Druckf\u00e4higkeit<\/strong><br\/>Gegenstand des Projekts ist ein Semibetrieb, der die Herstellung kleiner Chargen biomimetischer Verbundwerkstoffe der neuen Generation unter Verwendung eines standardisierten Produktionsprozesses erm\u00f6glicht.<\/p>\n\n\n\n<div class=\"wp-block-uagb-image alignleft uagb-block-2638e7be wp-block-uagb-image--layout-default wp-block-uagb-image--effect-static wp-block-uagb-image--align-left\"><figure class=\"wp-block-uagb-image__figure\"><img decoding=\"async\" srcset=\"https:\/\/adm.dental\/wp-content\/uploads\/2025\/11\/Spolufinancov-no-Evropskou-uni\u00a1-Barevn\u201a-1024x266.png ,https:\/\/adm.dental\/wp-content\/uploads\/2025\/11\/Spolufinancov-no-Evropskou-uni\u00a1-Barevn\u201a-scaled.png 780w, https:\/\/adm.dental\/wp-content\/uploads\/2025\/11\/Spolufinancov-no-Evropskou-uni\u00a1-Barevn\u201a-scaled.png 360w\" sizes=\"auto, (max-width: 480px) 150px\" src=\"https:\/\/adm.dental\/wp-content\/uploads\/2025\/11\/Spolufinancov-no-Evropskou-uni%C2%A1-Barevn%E2%80%9A-1024x266.png\" alt=\"\" class=\"uag-image-7026\" width=\"379\" height=\"98\" title=\"Spolufinancov no Evropskou uni\u00a1 Barevn\u201a\" loading=\"lazy\" role=\"img\"><\/figure><\/div>\n\n\n\n<h3 class=\"wp-block-heading\">Anwendung 2<\/h3>\n\n\n\n<p><strong>Reg. Nr. No.: CZ.01.1.02\/0.0\/0.0\/17_175\/0015454<\/strong><br\/><strong>Erweiterung des Produktportfolios von Dentapreg, Fibrafill, Reterock und Fibralab und Einf\u00fchrung eines Semi-Prozesses zur Herstellung von kurzfaser- und faserverst\u00e4rkten Kompositen f\u00fcr CAD\/CAM<\/strong><br\/>Das Projekt zielt darauf ab, durch industrielle Forschung und experimentelle Entwicklung neues Wissen und F\u00e4higkeiten zu erlangen. Dies soll die routinem\u00e4\u00dfige Produktion einer neuen Generation einzigartiger biomimetischer Kompositmaterialien sowie mehrerer unterst\u00fctzender Ger\u00e4te und Vorrichtungen f\u00fcr deren Anwendung erm\u00f6glichen. Auf Basis des vorgeschlagenen Projekts wird das Unternehmen sein Produktportfolio erweitern und eine neue Semi-Operation einf\u00fchren. <\/p>\n\n\n\n<div class=\"wp-block-uagb-image alignleft uagb-block-ee29d5e5 wp-block-uagb-image--layout-default wp-block-uagb-image--effect-static wp-block-uagb-image--align-left\"><figure class=\"wp-block-uagb-image__figure\"><img decoding=\"async\" srcset=\"https:\/\/adm.dental\/wp-content\/uploads\/2025\/11\/Spolufinancov-no-Evropskou-uni\u00a1-Barevn\u201a-1024x266.png ,https:\/\/adm.dental\/wp-content\/uploads\/2025\/11\/Spolufinancov-no-Evropskou-uni\u00a1-Barevn\u201a-scaled.png 780w, https:\/\/adm.dental\/wp-content\/uploads\/2025\/11\/Spolufinancov-no-Evropskou-uni\u00a1-Barevn\u201a-scaled.png 360w\" sizes=\"auto, (max-width: 480px) 150px\" src=\"https:\/\/adm.dental\/wp-content\/uploads\/2025\/11\/Spolufinancov-no-Evropskou-uni%C2%A1-Barevn%E2%80%9A-1024x266.png\" alt=\"\" class=\"uag-image-7026\" width=\"379\" height=\"98\" title=\"Spolufinancov no Evropskou uni\u00a1 Barevn\u201a\" loading=\"lazy\" role=\"img\"><\/figure><\/div>\n\n\n\n<h3 class=\"wp-block-heading\">ANWENDUNGEN &#8211; Herausforderung I.<\/h3>\n\n\n\n<p><strong>Reg. Nr. <\/strong>:<strong> CZ.01.01.01\/0.1\/22_002\/0000642<\/strong><br\/>Entwicklung einer neuen Generation bioaktiver und struktureller Komposite f\u00fcr die restaurative Zahnmedizin und Implantologie sowie Technologien f\u00fcr die skalierbare Kleinvolumenproduktion dieser Materialien<br\/>Das Projekt umfasst die Forschung und Entwicklung einer Folgegeneration biomimetischer restaurativer Kompositmaterialien. Diese sollen die hervorragenden mechanischen Eigenschaften der bestehenden Fibrafill-Produktreihe mit bioaktiven Funktionen wie antibakteriellen und remineralisierenden Eigenschaften kombinieren.<\/p>\n\n\n\n<div class=\"wp-block-group is-nowrap is-layout-flex wp-container-core-group-is-layout-6c531013 wp-block-group-is-layout-flex\">\n<div class=\"wp-block-uagb-image alignleft uagb-block-d28b1001 wp-block-uagb-image--layout-default wp-block-uagb-image--effect-static wp-block-uagb-image--align-left\"><figure class=\"wp-block-uagb-image__figure\"><img decoding=\"async\" srcset=\"https:\/\/adm.dental\/wp-content\/uploads\/2025\/11\/Spolufinancov-no-Evropskou-uni\u00a1-Barevn\u201a-1024x266.png ,https:\/\/adm.dental\/wp-content\/uploads\/2025\/11\/Spolufinancov-no-Evropskou-uni\u00a1-Barevn\u201a-scaled.png 780w, https:\/\/adm.dental\/wp-content\/uploads\/2025\/11\/Spolufinancov-no-Evropskou-uni\u00a1-Barevn\u201a-scaled.png 360w\" sizes=\"auto, (max-width: 480px) 150px\" src=\"https:\/\/adm.dental\/wp-content\/uploads\/2025\/11\/Spolufinancov-no-Evropskou-uni%C2%A1-Barevn%E2%80%9A-1024x266.png\" alt=\"\" class=\"uag-image-7026\" width=\"379\" height=\"98\" title=\"Spolufinancov no Evropskou uni\u00a1 Barevn\u201a\" loading=\"lazy\" role=\"img\"><\/figure><\/div>\n\n\n\n<div class=\"wp-block-uagb-image alignleft uagb-block-3e095404 wp-block-uagb-image--layout-default wp-block-uagb-image--effect-static wp-block-uagb-image--align-left\"><figure class=\"wp-block-uagb-image__figure\"><img decoding=\"async\" srcset=\"https:\/\/adm.dental\/wp-content\/uploads\/2026\/03\/ministerstvo-prumyslu-a-obchodu-logo-png_seeklogo-356889-1.png ,https:\/\/adm.dental\/wp-content\/uploads\/2026\/03\/ministerstvo-prumyslu-a-obchodu-logo-png_seeklogo-356889-1-e1773082457171.png 780w, https:\/\/adm.dental\/wp-content\/uploads\/2026\/03\/ministerstvo-prumyslu-a-obchodu-logo-png_seeklogo-356889-1-e1773082457171.png 360w\" sizes=\"auto, (max-width: 480px) 150px\" src=\"https:\/\/adm.dental\/wp-content\/uploads\/2026\/03\/ministerstvo-prumyslu-a-obchodu-logo-png_seeklogo-356889-1.png\" alt=\"\" class=\"uag-image-7257\" width=\"158\" height=\"158\" title=\"ministerstvo-prumyslu-a-obchodu-logo-png_seeklogo-356889 (1)\" loading=\"lazy\" role=\"img\"><\/figure><\/div>\n<\/div>\n\n\n\n<h3 class=\"wp-block-heading\">Konzeptnachweis<\/h3>\n\n\n\n<p><strong>Reg. Nr. Nr.: CZ.01.1.02\/0.0\/0.0\/19_265\/0021476<\/strong><br\/><strong>Wissenstransfer im Bereich der Materialoptimierung f\u00fcr den 3D-Druck in der Zahnmedizin<\/strong><br\/>Dieses Projekt wird mit dem Ziel eingereicht, das Know-how einer Forschungsorganisation in folgendem Bereich zu transferieren:<\/p>\n\n\n\n<ul style=\"margin-top:0;margin-bottom:0\" class=\"wp-block-list\">\n<li>3D-druckbare Materialien auf Basis von Photopolymeren f\u00fcr zahnmedizinische Anwendungen<\/li>\n\n\n\n<li>ihre physikochemischen Eigenschaften<\/li>\n\n\n\n<li>ihre Verarbeitbarkeit<\/li>\n\n\n\n<li>Modifikation von Hybridkompositen f\u00fcr die SLA 3D-Drucktechnologie<\/li>\n<\/ul>\n\n\n\n<div class=\"wp-block-uagb-image alignleft uagb-block-b3e2f9c9 wp-block-uagb-image--layout-default wp-block-uagb-image--effect-static wp-block-uagb-image--align-left\"><figure class=\"wp-block-uagb-image__figure\"><img decoding=\"async\" srcset=\"https:\/\/adm.dental\/wp-content\/uploads\/2025\/11\/Spolufinancov-no-Evropskou-uni\u00a1-Barevn\u201a-1024x266.png ,https:\/\/adm.dental\/wp-content\/uploads\/2025\/11\/Spolufinancov-no-Evropskou-uni\u00a1-Barevn\u201a-scaled.png 780w, https:\/\/adm.dental\/wp-content\/uploads\/2025\/11\/Spolufinancov-no-Evropskou-uni\u00a1-Barevn\u201a-scaled.png 360w\" sizes=\"auto, (max-width: 480px) 150px\" src=\"https:\/\/adm.dental\/wp-content\/uploads\/2025\/11\/Spolufinancov-no-Evropskou-uni%C2%A1-Barevn%E2%80%9A-1024x266.png\" alt=\"\" class=\"uag-image-7026\" width=\"379\" height=\"98\" title=\"Spolufinancov no Evropskou uni\u00a1 Barevn\u201a\" loading=\"lazy\" role=\"img\"><\/figure><\/div>\n\n\n\n<h3 class=\"wp-block-heading\">Rezertifizierung des Qualit\u00e4tsmanagementsystems nach ISO 13485<\/h3>\n\n\n\n<p><strong>Reg. Nr. <\/strong>: <strong>MPO 81958\/2024<\/strong><\/p>\n\n\n\n<p>Digitale Wirtschaft und Gesellschaft, innovative Start-ups und neue Technologien ZERTIFIZIERUNGEN<\/p>\n\n\n\n<h3 class=\"wp-block-heading\">Development and commercialization of a post-curing fiber composite for advanced 3D printing technology \u2013 Digital Press Stereolithography in dentistry<\/h3>\n\n\n\n<p><strong>Reg. Nr. <\/strong>: <strong>CZ.01.01.01\/08\/23_035\/0005302<\/strong><\/p>\n\n\n\n<p>Erstellung einer Machbarkeitsstudie f\u00fcr die Entwicklung und anschlie\u00dfende Kommerzialisierung einer neuen Generation faserverst\u00e4rkter Verbundwerkstoffe f\u00fcr den 3D-Druck mittels Digital Press Stereolithography (DPS)-Technologie.<\/p>\n\n\n\n<div class=\"wp-block-uagb-image alignleft uagb-block-10e332c7 wp-block-uagb-image--layout-default wp-block-uagb-image--effect-static wp-block-uagb-image--align-left\"><figure class=\"wp-block-uagb-image__figure\"><img decoding=\"async\" srcset=\"https:\/\/adm.dental\/wp-content\/uploads\/2025\/11\/Spolufinancov-no-Evropskou-uni\u00a1-Barevn\u201a-1024x266.png ,https:\/\/adm.dental\/wp-content\/uploads\/2025\/11\/Spolufinancov-no-Evropskou-uni\u00a1-Barevn\u201a-scaled.png 780w, https:\/\/adm.dental\/wp-content\/uploads\/2025\/11\/Spolufinancov-no-Evropskou-uni\u00a1-Barevn\u201a-scaled.png 360w\" sizes=\"auto, (max-width: 480px) 150px\" src=\"https:\/\/adm.dental\/wp-content\/uploads\/2025\/11\/Spolufinancov-no-Evropskou-uni%C2%A1-Barevn%E2%80%9A-1024x266.png\" alt=\"\" class=\"uag-image-7026\" width=\"379\" height=\"98\" title=\"Spolufinancov no Evropskou uni\u00a1 Barevn\u201a\" loading=\"lazy\" role=\"img\"><\/figure><\/div>\n<\/div>\n<\/div>\n<\/div><\/div>\n\n<p><\/p>\n","protected":false},"excerpt":{"rendered":"<p>Unsere Projekte Patente Reg. Nr. Nr.: CZ.01.1.02\/0.0\/0.0\/17_206\/0014967Projekt zum Schutz gewerblicher Schutzrechte &#8211; ADM, a.s.Antrag auf Erfindung und Erteilung von gewerblichen Schutzrechten Innovation 1 Reg. Nr. Nr.: CZ.01.1.02\/0.0\/0.0\/16_049\/0010106Einf\u00fchrung der Produktion einzigartiger biomimetischer Dentalmaterialien und deren Lieferung auf den globalen Markt durch einen neuen Vertriebskanal und entsprechende Prozess- und Organisationsinnovation Innovation 2 Reg. Nr. Nr.: CZ.01.1.02\/0.0\/0.0\/17_170\/0015065Einf\u00fchrung der [&hellip;]<\/p>\n","protected":false},"author":1,"featured_media":0,"parent":0,"menu_order":0,"comment_status":"closed","ping_status":"closed","template":"","meta":{"_uag_custom_page_level_css":"","footnotes":""},"class_list":["post-6111","page","type-page","status-publish","hentry"],"blocksy_meta":[],"uagb_featured_image_src":{"full":false,"thumbnail":false,"medium":false,"medium_large":false,"large":false,"1536x1536":false,"2048x2048":false,"woocommerce_archive_thumbnail":false,"woocommerce_thumbnail":false,"woocommerce_single":false,"woocommerce_gallery_thumbnail":false},"uagb_author_info":{"display_name":"david","author_link":"https:\/\/adm.dental\/de\/author\/david\/"},"uagb_comment_info":0,"uagb_excerpt":"Unsere Projekte Patente Reg. Nr. Nr.: CZ.01.1.02\/0.0\/0.0\/17_206\/0014967Projekt zum Schutz gewerblicher Schutzrechte &#8211; ADM, a.s.Antrag auf Erfindung und Erteilung von gewerblichen Schutzrechten Innovation 1 Reg. Nr. Nr.: CZ.01.1.02\/0.0\/0.0\/16_049\/0010106Einf\u00fchrung der Produktion einzigartiger biomimetischer Dentalmaterialien und deren Lieferung auf den globalen Markt durch einen neuen Vertriebskanal und entsprechende Prozess- und Organisationsinnovation Innovation 2 Reg. Nr. Nr.: CZ.01.1.02\/0.0\/0.0\/17_170\/0015065Einf\u00fchrung der&hellip;","_links":{"self":[{"href":"https:\/\/adm.dental\/de\/wp-json\/wp\/v2\/pages\/6111","targetHints":{"allow":["GET"]}}],"collection":[{"href":"https:\/\/adm.dental\/de\/wp-json\/wp\/v2\/pages"}],"about":[{"href":"https:\/\/adm.dental\/de\/wp-json\/wp\/v2\/types\/page"}],"author":[{"embeddable":true,"href":"https:\/\/adm.dental\/de\/wp-json\/wp\/v2\/users\/1"}],"replies":[{"embeddable":true,"href":"https:\/\/adm.dental\/de\/wp-json\/wp\/v2\/comments?post=6111"}],"version-history":[{"count":4,"href":"https:\/\/adm.dental\/de\/wp-json\/wp\/v2\/pages\/6111\/revisions"}],"predecessor-version":[{"id":7272,"href":"https:\/\/adm.dental\/de\/wp-json\/wp\/v2\/pages\/6111\/revisions\/7272"}],"wp:attachment":[{"href":"https:\/\/adm.dental\/de\/wp-json\/wp\/v2\/media?parent=6111"}],"curies":[{"name":"wp","href":"https:\/\/api.w.org\/{rel}","templated":true}]}}