{"id":2321,"date":"2024-12-13T16:38:34","date_gmt":"2024-12-13T16:38:34","guid":{"rendered":"https:\/\/beta.adm.dental\/whitepaper\/"},"modified":"2025-07-22T10:21:15","modified_gmt":"2025-07-22T10:21:15","slug":"whitepaper","status":"publish","type":"page","link":"https:\/\/adm.dental\/es\/fibrafill\/whitepaper\/","title":{"rendered":"Manual cient\u00edfico de Fibrafill"},"content":{"rendered":"\n<div class=\"wp-block-uagb-container uagb-block-2b721576 alignfull uagb-is-root-container\"><div class=\"uagb-container-inner-blocks-wrap\">\n<div class=\"wp-block-uagb-container uagb-block-6efc3905\">\n<div class=\"wp-block-uagb-container uagb-block-f286726c\">\n<div class=\"wp-block-uagb-container whitepaper-image-wraper uagb-block-40c34ed1\">\n<div class=\"wp-block-uagb-image uagb-block-0695cc1f wp-block-uagb-image--layout-default wp-block-uagb-image--effect-static wp-block-uagb-image--align-none whitepaper-image\"><figure class=\"wp-block-uagb-image__figure\"><img decoding=\"async\" srcset=\"https:\/\/adm.dental\/wp-content\/uploads\/2024\/12\/Fibrafill_Scientific_Guide_2021-f8ee77a9-724x1024.webp ,https:\/\/adm.dental\/wp-content\/uploads\/2024\/12\/Fibrafill_Scientific_Guide_2021-f8ee77a9.webp 780w, https:\/\/adm.dental\/wp-content\/uploads\/2024\/12\/Fibrafill_Scientific_Guide_2021-f8ee77a9-724x1024.webp 360w\" sizes=\"auto, (max-width: 480px) 150px\" src=\"https:\/\/adm.dental\/wp-content\/uploads\/2024\/12\/Fibrafill_Scientific_Guide_2021-f8ee77a9-724x1024.webp\" alt=\"\" class=\"uag-image-2157\" width=\"450\" height=\"636\" title=\"Fibrafill_Scientific_Guide_2021-f8ee77a9\" loading=\"lazy\" role=\"img\"><\/figure><\/div>\n<\/div>\n<\/div>\n\n\n\n<div class=\"wp-block-uagb-container uagb-block-57bf73ee\"><\/div>\n\n\n\n<div class=\"wp-block-uagb-container whitepaper-content uagb-block-877a8842\">\n<div class=\"wp-block-uagb-advanced-heading uagb-block-85e1491c\"><h3 class=\"uagb-heading-text\">Obtenga el manual cient\u00edfico de Fibrafill\u00ae<\/h3><\/div>\n\n\n\n<p style=\"margin-top:0;margin-bottom:0\">Descubra la vanguardia de la tecnolog\u00eda de materiales dentales con nuestro exhaustivo manual cient\u00edfico. Este manual proporciona un an\u00e1lisis profundo y perspectivas sobre la l\u00ednea de productos Fibrafill\u00ae, dise\u00f1ada para mejorar la odontolog\u00eda restauradora y prot\u00e9sica con materiales compuestos innovadores. Complete la siguiente informaci\u00f3n, por favor, para recibir su copia gratuita directamente por correo electr\u00f3nico.  <\/p>\n\n\n\n<div class=\"wp-block-adm-whitepaper\" data-sitekey=\"6LdYknIqAAAAAPBpOvGzGRidt5bPU8O5A6vLK3Px\"><div><div class=\"whitepaper-row-wrapper\"><div class=\"whitepaper-input-wrapper\"><label>Nombres<input class=\"whitepaper-first-name\" type=\"text\" placeholder=\"Ponga sus nombres\" required=\"\"><\/label><\/div><div class=\"whitepaper-input-wrapper\"><label>Apellidos<input class=\"whitepaper-last-name\" type=\"text\" placeholder=\"Ponga sus apellidos\" required=\"\"><\/label><\/div><\/div><div class=\"whitepaper-row-wrapper\"><div class=\"whitepaper-input-wrapper\"><label>Correo electr\u00f3nico<input class=\"whitepaper-email\" type=\"email\" placeholder=\"Ponga su correo electr\u00f3nico\" required=\"\"><\/label><\/div><\/div><div class=\"whitepaper-row-wrapper whitepaper-row-wrapper-checkbox\"><div class=\"whitepaper-input-wrapper\"><label><input class=\"whitepaper-subscribe ct-checkbox\" type=\"checkbox\">Suscribirse al bolet\u00edn informativo<\/label><\/div><\/div><div class=\"whitepaper-row-wrapper whitepaper-row-wrapper-checkbox\"><div class=\"whitepaper-input-wrapper\"><label><input class=\"whitepaper-subscribe ct-checkbox\" type=\"checkbox\" required=\"\">Aceptar T\u00e9rminos y Condiciones y Pol\u00edtica de Privacidad<\/label><\/div><\/div><div class=\"whitepaper-row-wrapper\"><div class=\"whitepaper-input-wrapper\"><input class=\"whitepaper-type\" type=\"hidden\" name=\"type\" value=\"fibrafill\"><button class=\"whitepaper-submit button\" type=\"submit\">Enviar<\/button><div class=\"whitepaper-form-messages\" style=\"color:red\"><\/div><\/div><\/div><\/div><\/div>\n<\/div>\n<\/div>\n<\/div><\/div>\n","protected":false},"excerpt":{"rendered":"<p>Obtenga el manual cient\u00edfico de Fibrafill\u00ae Descubra la vanguardia de la tecnolog\u00eda de materiales dentales con nuestro exhaustivo manual cient\u00edfico. Este manual proporciona un an\u00e1lisis profundo y perspectivas sobre la l\u00ednea de productos Fibrafill\u00ae, dise\u00f1ada para mejorar la odontolog\u00eda restauradora y prot\u00e9sica con materiales compuestos innovadores. Complete la siguiente informaci\u00f3n, por favor, para recibir su [&hellip;]<\/p>\n","protected":false},"author":1,"featured_media":0,"parent":6568,"menu_order":0,"comment_status":"closed","ping_status":"closed","template":"","meta":{"_uag_custom_page_level_css":"","footnotes":""},"class_list":["post-2321","page","type-page","status-publish","hentry"],"blocksy_meta":[],"uagb_featured_image_src":{"full":false,"thumbnail":false,"medium":false,"medium_large":false,"large":false,"1536x1536":false,"2048x2048":false,"woocommerce_archive_thumbnail":false,"woocommerce_thumbnail":false,"woocommerce_single":false,"woocommerce_gallery_thumbnail":false},"uagb_author_info":{"display_name":"david","author_link":"https:\/\/adm.dental\/es\/author\/david\/"},"uagb_comment_info":0,"uagb_excerpt":"Obtenga el manual cient\u00edfico de Fibrafill\u00ae Descubra la vanguardia de la tecnolog\u00eda de materiales dentales con nuestro exhaustivo manual cient\u00edfico. Este manual proporciona un an\u00e1lisis profundo y perspectivas sobre la l\u00ednea de productos Fibrafill\u00ae, dise\u00f1ada para mejorar la odontolog\u00eda restauradora y prot\u00e9sica con materiales compuestos innovadores. Complete la siguiente informaci\u00f3n, por favor, para recibir su&hellip;","_links":{"self":[{"href":"https:\/\/adm.dental\/es\/wp-json\/wp\/v2\/pages\/2321","targetHints":{"allow":["GET"]}}],"collection":[{"href":"https:\/\/adm.dental\/es\/wp-json\/wp\/v2\/pages"}],"about":[{"href":"https:\/\/adm.dental\/es\/wp-json\/wp\/v2\/types\/page"}],"author":[{"embeddable":true,"href":"https:\/\/adm.dental\/es\/wp-json\/wp\/v2\/users\/1"}],"replies":[{"embeddable":true,"href":"https:\/\/adm.dental\/es\/wp-json\/wp\/v2\/comments?post=2321"}],"version-history":[{"count":1,"href":"https:\/\/adm.dental\/es\/wp-json\/wp\/v2\/pages\/2321\/revisions"}],"predecessor-version":[{"id":6569,"href":"https:\/\/adm.dental\/es\/wp-json\/wp\/v2\/pages\/2321\/revisions\/6569"}],"up":[{"embeddable":true,"href":"https:\/\/adm.dental\/es\/wp-json\/wp\/v2\/pages\/6568"}],"wp:attachment":[{"href":"https:\/\/adm.dental\/es\/wp-json\/wp\/v2\/media?parent=2321"}],"curies":[{"name":"wp","href":"https:\/\/api.w.org\/{rel}","templated":true}]}}