{"id":6841,"date":"2025-03-14T15:48:14","date_gmt":"2025-03-14T15:48:14","guid":{"rendered":"https:\/\/adm.dental\/proyectos\/"},"modified":"2025-11-11T10:36:57","modified_gmt":"2025-11-11T10:36:57","slug":"projects","status":"publish","type":"page","link":"https:\/\/adm.dental\/es\/projects\/","title":{"rendered":"Proyectos"},"content":{"rendered":"\n<div class=\"wp-block-uagb-container uagb-block-2b721576 alignfull uagb-is-root-container\"><div class=\"uagb-container-inner-blocks-wrap\">\n<div class=\"wp-block-uagb-container uagb-block-6efc3905\">\n<div class=\"wp-block-uagb-container uag-blocks-common-selector uagb-block-f1c065c2\">\n<div class=\"uagb-position__sticky wp-block-uagb-container uagb-block-54886834\">\n<div class=\"wp-block-uagb-image uagb-block-78a814e2 wp-block-uagb-image--layout-default wp-block-uagb-image--effect-static wp-block-uagb-image--align-none\"><figure class=\"wp-block-uagb-image__figure\"><img decoding=\"async\" srcset=\"https:\/\/adm.dental\/wp-content\/uploads\/2025\/03\/Dentapreg_EU_Logo-376c96b8.webp ,https:\/\/adm.dental\/wp-content\/uploads\/2025\/03\/Dentapreg_EU_Logo-376c96b8.webp 780w, https:\/\/adm.dental\/wp-content\/uploads\/2025\/03\/Dentapreg_EU_Logo-376c96b8.webp 360w\" sizes=\"auto, (max-width: 480px) 150px\" src=\"https:\/\/adm.dental\/wp-content\/uploads\/2025\/03\/Dentapreg_EU_Logo-376c96b8.webp\" alt=\"\" class=\"uag-image-4056\" width=\"640\" height=\"200\" title=\"Dentapreg_EU_Logo-376c96b8\" loading=\"lazy\" role=\"img\"><\/figure><\/div>\n\n\n\n<div class=\"wp-block-uagb-image uagb-block-8e44289a wp-block-uagb-image--layout-default wp-block-uagb-image--effect-static wp-block-uagb-image--align-none\"><figure class=\"wp-block-uagb-image__figure\"><img decoding=\"async\" srcset=\"https:\/\/adm.dental\/wp-content\/uploads\/2025\/03\/NPO_logo-colour-blue-1024x576.png ,https:\/\/adm.dental\/wp-content\/uploads\/2025\/03\/NPO_logo-colour-blue.png 780w, https:\/\/adm.dental\/wp-content\/uploads\/2025\/03\/NPO_logo-colour-blue.png 360w\" sizes=\"auto, (max-width: 480px) 150px\" src=\"https:\/\/adm.dental\/wp-content\/uploads\/2025\/03\/NPO_logo-colour-blue-1024x576.png\" alt=\"\" class=\"uag-image-4340\" width=\"210\" height=\"118\" title=\"NPO_logo-colour-blue\" loading=\"lazy\" role=\"img\"><\/figure><\/div>\n\n\n\n<div class=\"wp-block-uagb-image uagb-block-d9af707a wp-block-uagb-image--layout-default wp-block-uagb-image--effect-static wp-block-uagb-image--align-none\"><figure class=\"wp-block-uagb-image__figure\"><img decoding=\"async\" srcset=\"https:\/\/adm.dental\/wp-content\/uploads\/2025\/03\/CS-Financov-no-Evropskou-uni\u00a1_PANTONE.png ,https:\/\/adm.dental\/wp-content\/uploads\/2025\/03\/CS-Financov-no-Evropskou-uni\u00a1_PANTONE.png 780w, https:\/\/adm.dental\/wp-content\/uploads\/2025\/03\/CS-Financov-no-Evropskou-uni\u00a1_PANTONE.png 360w\" sizes=\"auto, (max-width: 480px) 150px\" src=\"https:\/\/adm.dental\/wp-content\/uploads\/2025\/03\/CS-Financov-no-Evropskou-uni%C2%A1_PANTONE.png\" alt=\"\" class=\"uag-image-4404\" width=\"640\" height=\"170\" title=\"CS Financov no Evropskou uni\u00a1_PANTONE\" loading=\"lazy\" role=\"img\"><\/figure><\/div>\n<\/div>\n<\/div>\n\n\n\n<div class=\"wp-block-uagb-container uagb-block-de3e4323\"><\/div>\n\n\n\n<div class=\"wp-block-uagb-container uagb-block-43bc7b01\">\n<h2 class=\"wp-block-heading\" style=\"margin-top:0;margin-bottom:var(--wp--preset--spacing--50)\">Nuestros proyectos<\/h2>\n\n\n\n<h3 class=\"wp-block-heading\">Patentes<\/h3>\n\n\n\n<p><strong>N.\u00ba de registraci\u00f3n: CZ.01.1.02\/0.0\/0.0\/17_206\/0014967<\/strong><br\/><strong>Proyecto para la protecci\u00f3n de los derechos de propiedad industrial &#8211; ADM, a.s.<\/strong><br\/>Solicitud de invenci\u00f3n y concesi\u00f3n de derechos de protecci\u00f3n de la propiedad industrial<\/p>\n\n\n\n<div class=\"wp-block-uagb-image alignleft uagb-block-63dc6c64 wp-block-uagb-image--layout-default wp-block-uagb-image--effect-static wp-block-uagb-image--align-left\"><figure class=\"wp-block-uagb-image__figure\"><img decoding=\"async\" srcset=\"https:\/\/adm.dental\/wp-content\/uploads\/2025\/11\/Spolufinancov-no-Evropskou-uni\u00a1-Barevn\u201a-1024x266.png ,https:\/\/adm.dental\/wp-content\/uploads\/2025\/11\/Spolufinancov-no-Evropskou-uni\u00a1-Barevn\u201a-scaled.png 780w, https:\/\/adm.dental\/wp-content\/uploads\/2025\/11\/Spolufinancov-no-Evropskou-uni\u00a1-Barevn\u201a-scaled.png 360w\" sizes=\"auto, (max-width: 480px) 150px\" src=\"https:\/\/adm.dental\/wp-content\/uploads\/2025\/11\/Spolufinancov-no-Evropskou-uni%C2%A1-Barevn%E2%80%9A-1024x266.png\" alt=\"\" class=\"uag-image-7026\" width=\"379\" height=\"98\" title=\"Spolufinancov no Evropskou uni\u00a1 Barevn\u201a\" loading=\"lazy\" role=\"img\"><\/figure><\/div>\n\n\n\n<h3 class=\"wp-block-heading\">Innovaci\u00f3n 1<\/h3>\n\n\n\n<p><strong>N.\u00ba de registraci\u00f3n: CZ.01.1.02\/0.0\/0.0\/16_049\/0010106<br\/><\/strong>Introducci\u00f3n de la producci\u00f3n de materiales dentales biomim\u00e9ticos \u00fanicos y su entrega al mercado global a trav\u00e9s de un nuevo canal de ventas y la correspondiente innovaci\u00f3n de procesos y organizaci\u00f3n<\/p>\n\n\n\n<div class=\"wp-block-uagb-image alignleft uagb-block-3b9f4179 wp-block-uagb-image--layout-default wp-block-uagb-image--effect-static wp-block-uagb-image--align-left\"><figure class=\"wp-block-uagb-image__figure\"><img decoding=\"async\" srcset=\"https:\/\/adm.dental\/wp-content\/uploads\/2025\/11\/Spolufinancov-no-Evropskou-uni\u00a1-Barevn\u201a-1024x266.png ,https:\/\/adm.dental\/wp-content\/uploads\/2025\/11\/Spolufinancov-no-Evropskou-uni\u00a1-Barevn\u201a-scaled.png 780w, https:\/\/adm.dental\/wp-content\/uploads\/2025\/11\/Spolufinancov-no-Evropskou-uni\u00a1-Barevn\u201a-scaled.png 360w\" sizes=\"auto, (max-width: 480px) 150px\" src=\"https:\/\/adm.dental\/wp-content\/uploads\/2025\/11\/Spolufinancov-no-Evropskou-uni%C2%A1-Barevn%E2%80%9A-1024x266.png\" alt=\"\" class=\"uag-image-7026\" width=\"379\" height=\"98\" title=\"Spolufinancov no Evropskou uni\u00a1 Barevn\u201a\" loading=\"lazy\" role=\"img\"><\/figure><\/div>\n\n\n\n<h3 class=\"wp-block-heading\">Innovaci\u00f3n 2<\/h3>\n\n\n\n<p><strong>N.\u00ba de registraci\u00f3n: CZ.01.1.02\/0.0\/0.0\/17_170\/0015065<\/strong><br\/><strong>Introducci\u00f3n de la producci\u00f3n de la gama ampliada de materiales compuestos biomim\u00e9ticos \u00fanicos y su distribuci\u00f3n a trav\u00e9s de un nuevo canal de distribuci\u00f3n y la correspondiente innovaci\u00f3n de procesos y organizaci\u00f3n<\/strong><br\/>El proyecto tiene como objetivo introducir la producci\u00f3n de 2 materiales compuestos biomim\u00e9ticos \u00fanicos y la innovaci\u00f3n relacionada de procesos, organizaci\u00f3n y marketing.<\/p>\n\n\n\n<div class=\"wp-block-uagb-image alignleft uagb-block-229bb3ee wp-block-uagb-image--layout-default wp-block-uagb-image--effect-static wp-block-uagb-image--align-left\"><figure class=\"wp-block-uagb-image__figure\"><img decoding=\"async\" srcset=\"https:\/\/adm.dental\/wp-content\/uploads\/2025\/11\/Spolufinancov-no-Evropskou-uni\u00a1-Barevn\u201a-1024x266.png ,https:\/\/adm.dental\/wp-content\/uploads\/2025\/11\/Spolufinancov-no-Evropskou-uni\u00a1-Barevn\u201a-scaled.png 780w, https:\/\/adm.dental\/wp-content\/uploads\/2025\/11\/Spolufinancov-no-Evropskou-uni\u00a1-Barevn\u201a-scaled.png 360w\" sizes=\"auto, (max-width: 480px) 150px\" src=\"https:\/\/adm.dental\/wp-content\/uploads\/2025\/11\/Spolufinancov-no-Evropskou-uni%C2%A1-Barevn%E2%80%9A-1024x266.png\" alt=\"\" class=\"uag-image-7026\" width=\"379\" height=\"98\" title=\"Spolufinancov no Evropskou uni\u00a1 Barevn\u201a\" loading=\"lazy\" role=\"img\"><\/figure><\/div>\n\n\n\n<h3 class=\"wp-block-heading\">Aplicaci\u00f3n 1<\/h3>\n\n\n\n<p><strong>N.\u00ba de registraci\u00f3n <\/strong>:<strong> CZ.01.1.02\/0.0\/0.0\/15_018\/0004714<\/strong><br\/><strong>Introducci\u00f3n de un semi-proceso para la producci\u00f3n de un nuevo material biomim\u00e9tico con capacidad de impresi\u00f3n 3D<\/strong><br\/>El objeto del proyecto es una semi-operaci\u00f3n que permite la producci\u00f3n de peque\u00f1os lotes de composites biomim\u00e9ticos de nueva generaci\u00f3n utilizando un proceso de producci\u00f3n estandarizado.<\/p>\n\n\n\n<div class=\"wp-block-uagb-image alignleft uagb-block-2638e7be wp-block-uagb-image--layout-default wp-block-uagb-image--effect-static wp-block-uagb-image--align-left\"><figure class=\"wp-block-uagb-image__figure\"><img decoding=\"async\" srcset=\"https:\/\/adm.dental\/wp-content\/uploads\/2025\/11\/Spolufinancov-no-Evropskou-uni\u00a1-Barevn\u201a-1024x266.png ,https:\/\/adm.dental\/wp-content\/uploads\/2025\/11\/Spolufinancov-no-Evropskou-uni\u00a1-Barevn\u201a-scaled.png 780w, https:\/\/adm.dental\/wp-content\/uploads\/2025\/11\/Spolufinancov-no-Evropskou-uni\u00a1-Barevn\u201a-scaled.png 360w\" sizes=\"auto, (max-width: 480px) 150px\" src=\"https:\/\/adm.dental\/wp-content\/uploads\/2025\/11\/Spolufinancov-no-Evropskou-uni%C2%A1-Barevn%E2%80%9A-1024x266.png\" alt=\"\" class=\"uag-image-7026\" width=\"379\" height=\"98\" title=\"Spolufinancov no Evropskou uni\u00a1 Barevn\u201a\" loading=\"lazy\" role=\"img\"><\/figure><\/div>\n\n\n\n<h3 class=\"wp-block-heading\">Aplicaci\u00f3n 2<\/h3>\n\n\n\n<p><strong>N.\u00ba de registraci\u00f3n: CZ.01.1.02\/0.0\/0.0\/17_175\/0015454<\/strong><br\/><strong>Ampliaci\u00f3n de la gama de productos de Dentapreg, Fibrafill, Reterock y Fibralab e introducci\u00f3n de un semi-proceso para la producci\u00f3n de composites reforzados y composites con refuerzo corto para CAD\/CAM<\/strong><br\/>El objeto del proyecto es \u2013 a trav\u00e9s de la investigaci\u00f3n industrial y desarrollo experimental \u2013 adquirir nuevos conocimientos y habilidades para permitir la producci\u00f3n rutinaria de una nueva generaci\u00f3n de materiales compuestos biomim\u00e9ticos \u00fanicos y varios dispositivos de apoyo y plantillas para su aplicaci\u00f3n. Sobre la base del proyecto propuesto, la empresa ampliar\u00e1 su gama de productos e introducir\u00e1 una nueva semi-operaci\u00f3n. <\/p>\n\n\n\n<div class=\"wp-block-uagb-image alignleft uagb-block-ee29d5e5 wp-block-uagb-image--layout-default wp-block-uagb-image--effect-static wp-block-uagb-image--align-left\"><figure class=\"wp-block-uagb-image__figure\"><img decoding=\"async\" srcset=\"https:\/\/adm.dental\/wp-content\/uploads\/2025\/11\/Spolufinancov-no-Evropskou-uni\u00a1-Barevn\u201a-1024x266.png ,https:\/\/adm.dental\/wp-content\/uploads\/2025\/11\/Spolufinancov-no-Evropskou-uni\u00a1-Barevn\u201a-scaled.png 780w, https:\/\/adm.dental\/wp-content\/uploads\/2025\/11\/Spolufinancov-no-Evropskou-uni\u00a1-Barevn\u201a-scaled.png 360w\" sizes=\"auto, (max-width: 480px) 150px\" src=\"https:\/\/adm.dental\/wp-content\/uploads\/2025\/11\/Spolufinancov-no-Evropskou-uni%C2%A1-Barevn%E2%80%9A-1024x266.png\" alt=\"\" class=\"uag-image-7026\" width=\"379\" height=\"98\" title=\"Spolufinancov no Evropskou uni\u00a1 Barevn\u201a\" loading=\"lazy\" role=\"img\"><\/figure><\/div>\n\n\n\n<h3 class=\"wp-block-heading\">APLICACIONES \u2013 Desaf\u00edo I.<\/h3>\n\n\n\n<p><strong>N.\u00ba de registraci\u00f3n <\/strong>:<strong> CZ.01.01.01\/0.1\/22_002\/0000642<\/strong><br\/>Desarrollo de una nueva generaci\u00f3n de composites bioactivos y estructurales para odontolog\u00eda restauradora e implantolog\u00eda y tecnolog\u00edas para la producci\u00f3n escalable de peque\u00f1o volumen de estos materiales<br\/>Investigaci\u00f3n y desarrollo de pr\u00f3xima generaci\u00f3n de materiales compuestos restauradores bio-mim\u00e9ticos que combinar\u00e1n las excelentes propiedades mec\u00e1nicas de la gama Fibrafill existente con funciones bio-activas como la antebacteriana y la remineralizaci\u00f3n<\/p>\n\n\n\n<div class=\"wp-block-uagb-image alignleft uagb-block-d28b1001 wp-block-uagb-image--layout-default wp-block-uagb-image--effect-static wp-block-uagb-image--align-left\"><figure class=\"wp-block-uagb-image__figure\"><img decoding=\"async\" srcset=\"https:\/\/adm.dental\/wp-content\/uploads\/2025\/11\/Spolufinancov-no-Evropskou-uni\u00a1-Barevn\u201a-1024x266.png ,https:\/\/adm.dental\/wp-content\/uploads\/2025\/11\/Spolufinancov-no-Evropskou-uni\u00a1-Barevn\u201a-scaled.png 780w, https:\/\/adm.dental\/wp-content\/uploads\/2025\/11\/Spolufinancov-no-Evropskou-uni\u00a1-Barevn\u201a-scaled.png 360w\" sizes=\"auto, (max-width: 480px) 150px\" src=\"https:\/\/adm.dental\/wp-content\/uploads\/2025\/11\/Spolufinancov-no-Evropskou-uni%C2%A1-Barevn%E2%80%9A-1024x266.png\" alt=\"\" class=\"uag-image-7026\" width=\"379\" height=\"98\" title=\"Spolufinancov no Evropskou uni\u00a1 Barevn\u201a\" loading=\"lazy\" role=\"img\"><\/figure><\/div>\n\n\n\n<h3 class=\"wp-block-heading\">Prueba de concepto<\/h3>\n\n\n\n<p><strong>N.\u00ba de registraci\u00f3n: CZ.01.1.02\/0.0\/0.0\/19_265\/0021476<\/strong><br\/><strong>Transferencia de conocimientos en el campo de la optimizaci\u00f3n de materiales para la impresi\u00f3n 3D en odontolog\u00eda.<\/strong><br\/>Este proyecto se presenta con el objetivo de transferir el know-how de una organizaci\u00f3n de investigaci\u00f3n en el campo de:<\/p>\n\n\n\n<ul style=\"margin-top:0;margin-bottom:0\" class=\"wp-block-list\">\n<li>Materiales imprimibles en 3D basados en fotopol\u00edmeros para aplicaciones dentales<\/li>\n\n\n\n<li>sus propiedades fisico-qu\u00edmicas<\/li>\n\n\n\n<li>su procesabilidad<\/li>\n\n\n\n<li>modificaci\u00f3n de composites h\u00edbridos para la tecnolog\u00eda de impresi\u00f3n 3D SLA<\/li>\n<\/ul>\n\n\n\n<div class=\"wp-block-uagb-image alignleft uagb-block-b3e2f9c9 wp-block-uagb-image--layout-default wp-block-uagb-image--effect-static wp-block-uagb-image--align-left\"><figure class=\"wp-block-uagb-image__figure\"><img decoding=\"async\" srcset=\"https:\/\/adm.dental\/wp-content\/uploads\/2025\/11\/Spolufinancov-no-Evropskou-uni\u00a1-Barevn\u201a-1024x266.png ,https:\/\/adm.dental\/wp-content\/uploads\/2025\/11\/Spolufinancov-no-Evropskou-uni\u00a1-Barevn\u201a-scaled.png 780w, https:\/\/adm.dental\/wp-content\/uploads\/2025\/11\/Spolufinancov-no-Evropskou-uni\u00a1-Barevn\u201a-scaled.png 360w\" sizes=\"auto, (max-width: 480px) 150px\" src=\"https:\/\/adm.dental\/wp-content\/uploads\/2025\/11\/Spolufinancov-no-Evropskou-uni%C2%A1-Barevn%E2%80%9A-1024x266.png\" alt=\"\" class=\"uag-image-7026\" width=\"379\" height=\"98\" title=\"Spolufinancov no Evropskou uni\u00a1 Barevn\u201a\" loading=\"lazy\" role=\"img\"><\/figure><\/div>\n\n\n\n<h3 class=\"wp-block-heading\">Recertificaci\u00f3n del sistema de gesti\u00f3n de calidad ISO 13485<\/h3>\n\n\n\n<p><strong>N.\u00ba de registraci\u00f3n <\/strong>: <strong>MPO 81958\/2024<\/strong><\/p>\n\n\n\n<p>Econom\u00eda y sociedad digitales, empresas emergentes innovadoras y nuevas tecnolog\u00edas CERTIFICACIONES<\/p>\n<\/div>\n<\/div>\n<\/div><\/div>\n\n<p><\/p>\n","protected":false},"excerpt":{"rendered":"<p>Nuestros proyectos Patentes N.\u00ba de registraci\u00f3n: CZ.01.1.02\/0.0\/0.0\/17_206\/0014967Proyecto para la protecci\u00f3n de los derechos de propiedad industrial &#8211; ADM, a.s.Solicitud de invenci\u00f3n y concesi\u00f3n de derechos de protecci\u00f3n de la propiedad industrial Innovaci\u00f3n 1 N.\u00ba de registraci\u00f3n: CZ.01.1.02\/0.0\/0.0\/16_049\/0010106Introducci\u00f3n de la producci\u00f3n de materiales dentales biomim\u00e9ticos \u00fanicos y su entrega al mercado global a trav\u00e9s de un [&hellip;]<\/p>\n","protected":false},"author":1,"featured_media":0,"parent":0,"menu_order":0,"comment_status":"closed","ping_status":"closed","template":"","meta":{"_uag_custom_page_level_css":"","footnotes":""},"class_list":["post-6841","page","type-page","status-publish","hentry"],"blocksy_meta":[],"uagb_featured_image_src":{"full":false,"thumbnail":false,"medium":false,"medium_large":false,"large":false,"1536x1536":false,"2048x2048":false,"woocommerce_archive_thumbnail":false,"woocommerce_thumbnail":false,"woocommerce_single":false,"woocommerce_gallery_thumbnail":false},"uagb_author_info":{"display_name":"david","author_link":"https:\/\/adm.dental\/es\/author\/david\/"},"uagb_comment_info":0,"uagb_excerpt":"Nuestros proyectos Patentes N.\u00ba de registraci\u00f3n: CZ.01.1.02\/0.0\/0.0\/17_206\/0014967Proyecto para la protecci\u00f3n de los derechos de propiedad industrial &#8211; ADM, a.s.Solicitud de invenci\u00f3n y concesi\u00f3n de derechos de protecci\u00f3n de la propiedad industrial Innovaci\u00f3n 1 N.\u00ba de registraci\u00f3n: CZ.01.1.02\/0.0\/0.0\/16_049\/0010106Introducci\u00f3n de la producci\u00f3n de materiales dentales biomim\u00e9ticos \u00fanicos y su entrega al mercado global a trav\u00e9s de un&hellip;","_links":{"self":[{"href":"https:\/\/adm.dental\/es\/wp-json\/wp\/v2\/pages\/6841","targetHints":{"allow":["GET"]}}],"collection":[{"href":"https:\/\/adm.dental\/es\/wp-json\/wp\/v2\/pages"}],"about":[{"href":"https:\/\/adm.dental\/es\/wp-json\/wp\/v2\/types\/page"}],"author":[{"embeddable":true,"href":"https:\/\/adm.dental\/es\/wp-json\/wp\/v2\/users\/1"}],"replies":[{"embeddable":true,"href":"https:\/\/adm.dental\/es\/wp-json\/wp\/v2\/comments?post=6841"}],"version-history":[{"count":2,"href":"https:\/\/adm.dental\/es\/wp-json\/wp\/v2\/pages\/6841\/revisions"}],"predecessor-version":[{"id":7036,"href":"https:\/\/adm.dental\/es\/wp-json\/wp\/v2\/pages\/6841\/revisions\/7036"}],"wp:attachment":[{"href":"https:\/\/adm.dental\/es\/wp-json\/wp\/v2\/media?parent=6841"}],"curies":[{"name":"wp","href":"https:\/\/api.w.org\/{rel}","templated":true}]}}