{"id":6845,"date":"2025-03-14T14:33:34","date_gmt":"2025-03-14T14:33:34","guid":{"rendered":"https:\/\/adm.dental\/sobre-nosotros\/"},"modified":"2025-09-05T10:03:58","modified_gmt":"2025-09-05T10:03:58","slug":"sobre-nosotros","status":"publish","type":"page","link":"https:\/\/adm.dental\/es\/sobre-nosotros\/","title":{"rendered":"Sobre nosotros"},"content":{"rendered":"\n<div class=\"wp-block-uagb-container uagb-block-2b721576 alignfull uagb-is-root-container\"><div class=\"uagb-container-inner-blocks-wrap\">\n<div class=\"wp-block-uagb-container uagb-block-6efc3905\">\n<div class=\"wp-block-uagb-container uagb-block-24312f7a\">\n<div class=\"wp-block-uagb-image uagb-block-11a89fab wp-block-uagb-image--layout-default wp-block-uagb-image--effect-static wp-block-uagb-image--align-none\"><figure class=\"wp-block-uagb-image__figure\"><img decoding=\"async\" srcset=\"https:\/\/adm.dental\/wp-content\/uploads\/2024\/10\/ADM-Motto-2023.svg ,https:\/\/adm.dental\/wp-content\/uploads\/2024\/10\/ADM-Motto-2023.svg 780w, https:\/\/adm.dental\/wp-content\/uploads\/2024\/10\/ADM-Motto-2023.svg 360w\" sizes=\"auto, (max-width: 480px) 150px\" src=\"https:\/\/adm.dental\/wp-content\/uploads\/2024\/10\/ADM-Motto-2023.svg\" alt=\"\" class=\"uag-image-17\" width=\"300\" height=\"146\" title=\"ADM Motto 2023\" loading=\"lazy\" role=\"img\"><\/figure><\/div>\n<\/div>\n\n\n\n<div class=\"wp-block-uagb-container uagb-block-de3e4323\"><\/div>\n\n\n\n<div class=\"wp-block-uagb-container uagb-block-c2d8c2b3\">\n<div class=\"wp-block-uagb-advanced-heading uagb-block-612d44dc\"><h2 class=\"uagb-heading-text\">Sobre nosotros <\/h2><\/div>\n\n\n\n<p>La historia de Dentapreg\u00ae y Fibrafill\u00ae comenz\u00f3 en un lugar inesperado: un jard\u00edn de infancia en la Checoslovaquia comunista, cuando dos amigos jugaban juntos en un caj\u00f3n de arena. Uno de ellos era Josef Jancar y el otro Zbynek Sedivy. Pasaron muchos a\u00f1os. Tras la Revoluci\u00f3n de Terciopelo, lleg\u00f3 la ca\u00edda del comunismo y los dos amigos finalmente tuvieron la libertad y la oportunidad de vivir sus sue\u00f1os. El Sr. Sedivy, como ingeniero, particip\u00f3 en la transici\u00f3n de la industria aeron\u00e1utica checa hacia un negocio orientado al Occidente. El Sr. Jancar, como qu\u00edmico f\u00edsico, se convirti\u00f3 en investigador postdoctoral en la Universidad de Connecticut, donde se centr\u00f3 en la ciencia de los materiales en la medicina.     <\/p>\n\n\n\n<p>Tras la ca\u00edda del comunismo, Zbyn\u011bk \u0160ediv\u00fd contribuy\u00f3 a la transformaci\u00f3n de la industria de la aviaci\u00f3n checa, mientras que Josef Jan\u010d\u00e1\u0159 se dedic\u00f3 a la ciencia de los materiales en la medicina. Muchos a\u00f1os despu\u00e9s, los dos amigos se reunieron. Ya no hablaban del caj\u00f3n de arena, sino de sus intereses profesionales. En 1995, fundaron ADM a.s. (Advanced Dental Materials), donde comenzaron a explorar el uso de composites avanzados en odontolog\u00eda. El desarrollo de una nueva clase de composites llev\u00f3 varios a\u00f1os, pero en 2004 se introdujo la primera generaci\u00f3n de productos Dentapreg.    <\/p>\n\n\n\n<p>Hoy en d\u00eda, ADM a.s. cuenta con dentistas l\u00edderes de todo el mundo entre sus clientes, y sus l\u00edneas de productos Dentapreg y Fibrafill ayudan a pacientes en todos los continentes.<\/p>\n<\/div>\n<\/div>\n<\/div><\/div>\n","protected":false},"excerpt":{"rendered":"<p>Sobre nosotros La historia de Dentapreg\u00ae y Fibrafill\u00ae comenz\u00f3 en un lugar inesperado: un jard\u00edn de infancia en la Checoslovaquia comunista, cuando dos amigos jugaban juntos en un caj\u00f3n de arena. Uno de ellos era Josef Jancar y el otro Zbynek Sedivy. Pasaron muchos a\u00f1os. Tras la Revoluci\u00f3n de Terciopelo, lleg\u00f3 la ca\u00edda del comunismo [&hellip;]<\/p>\n","protected":false},"author":1,"featured_media":0,"parent":0,"menu_order":0,"comment_status":"closed","ping_status":"closed","template":"","meta":{"_uag_custom_page_level_css":"","footnotes":""},"class_list":["post-6845","page","type-page","status-publish","hentry"],"blocksy_meta":[],"uagb_featured_image_src":{"full":false,"thumbnail":false,"medium":false,"medium_large":false,"large":false,"1536x1536":false,"2048x2048":false,"woocommerce_archive_thumbnail":false,"woocommerce_thumbnail":false,"woocommerce_single":false,"woocommerce_gallery_thumbnail":false},"uagb_author_info":{"display_name":"david","author_link":"https:\/\/adm.dental\/es\/author\/david\/"},"uagb_comment_info":0,"uagb_excerpt":"Sobre nosotros La historia de Dentapreg\u00ae y Fibrafill\u00ae comenz\u00f3 en un lugar inesperado: un jard\u00edn de infancia en la Checoslovaquia comunista, cuando dos amigos jugaban juntos en un caj\u00f3n de arena. Uno de ellos era Josef Jancar y el otro Zbynek Sedivy. Pasaron muchos a\u00f1os. Tras la Revoluci\u00f3n de Terciopelo, lleg\u00f3 la ca\u00edda del comunismo&hellip;","_links":{"self":[{"href":"https:\/\/adm.dental\/es\/wp-json\/wp\/v2\/pages\/6845","targetHints":{"allow":["GET"]}}],"collection":[{"href":"https:\/\/adm.dental\/es\/wp-json\/wp\/v2\/pages"}],"about":[{"href":"https:\/\/adm.dental\/es\/wp-json\/wp\/v2\/types\/page"}],"author":[{"embeddable":true,"href":"https:\/\/adm.dental\/es\/wp-json\/wp\/v2\/users\/1"}],"replies":[{"embeddable":true,"href":"https:\/\/adm.dental\/es\/wp-json\/wp\/v2\/comments?post=6845"}],"version-history":[{"count":1,"href":"https:\/\/adm.dental\/es\/wp-json\/wp\/v2\/pages\/6845\/revisions"}],"predecessor-version":[{"id":6846,"href":"https:\/\/adm.dental\/es\/wp-json\/wp\/v2\/pages\/6845\/revisions\/6846"}],"wp:attachment":[{"href":"https:\/\/adm.dental\/es\/wp-json\/wp\/v2\/media?parent=6845"}],"curies":[{"name":"wp","href":"https:\/\/api.w.org\/{rel}","templated":true}]}}