{"id":5777,"date":"2025-03-14T14:33:34","date_gmt":"2025-03-14T14:33:34","guid":{"rendered":"https:\/\/adm.dental\/chi-siamo\/"},"modified":"2025-05-11T12:49:05","modified_gmt":"2025-05-11T12:49:05","slug":"chi-siamo","status":"publish","type":"page","link":"https:\/\/adm.dental\/it\/chi-siamo\/","title":{"rendered":"Chi siamo"},"content":{"rendered":"\n<div class=\"wp-block-uagb-container uagb-block-2b721576 alignfull uagb-is-root-container\"><div class=\"uagb-container-inner-blocks-wrap\">\n<div class=\"wp-block-uagb-container uagb-block-6efc3905\">\n<div class=\"wp-block-uagb-container uagb-block-24312f7a\">\n<div class=\"wp-block-uagb-image uagb-block-11a89fab wp-block-uagb-image--layout-default wp-block-uagb-image--effect-static wp-block-uagb-image--align-none\"><figure class=\"wp-block-uagb-image__figure\"><img decoding=\"async\" srcset=\"https:\/\/adm.dental\/wp-content\/uploads\/2024\/10\/ADM-Motto-2023.svg ,https:\/\/adm.dental\/wp-content\/uploads\/2024\/10\/ADM-Motto-2023.svg 780w, https:\/\/adm.dental\/wp-content\/uploads\/2024\/10\/ADM-Motto-2023.svg 360w\" sizes=\"auto, (max-width: 480px) 150px\" src=\"https:\/\/adm.dental\/wp-content\/uploads\/2024\/10\/ADM-Motto-2023.svg\" alt=\"\" class=\"uag-image-17\" width=\"300\" height=\"146\" title=\"ADM Motto 2023\" loading=\"lazy\" role=\"img\"\/><\/figure><\/div>\n<\/div>\n\n\n\n<div class=\"wp-block-uagb-container uagb-block-de3e4323\"><\/div>\n\n\n\n<div class=\"wp-block-uagb-container uagb-block-c2d8c2b3\">\n<div class=\"wp-block-uagb-advanced-heading uagb-block-612d44dc\"><h2 class=\"uagb-heading-text\">Chi siamo <\/h2><\/div>\n\n\n\n<p>La storia di Dentapreg\u00ae e Fibrafill\u00ae \u00e8 iniziata \u2013 tra tutti i luoghi \u2013 in un asilo nella Cecoslovacchia comunista, quando due amici stavano giocando insieme in una sabbiera. Uno di loro era Josef Jancar e l&#8217;altro Zbynek Sedivy. Passarono molti anni. Dopo la Rivoluzione di Velluto arriv\u00f2 la caduta del comunismo e i due amici ebbero finalmente la libert\u00e0 e l&#8217;opportunit\u00e0 di vivere i loro sogni. Il signor Sedivy, in qualit\u00e0 di ingegnere, fu coinvolto nella transizione dell&#8217;industria aeronautica ceca verso un&#8217;attivit\u00e0 orientata all&#8217;Occidente. Jancar, come chimico fisico, divenne borsista post-dottorato presso l&#8217;Universit\u00e0 del Connecticut, dove si concentr\u00f2 sulla scienza dei materiali in medicina.     <\/p>\n\n\n\n<p>Dopo la caduta del comunismo, Zbyn\u011bk \u0160ediv\u00fd contribu\u00ec alla trasformazione dell&#8217;industria aeronautica ceca, mentre Josef Jan\u010d\u00e1\u0159 si dedic\u00f2 alla scienza dei materiali in medicina. Molti anni dopo, i due amici si riunirono. Non parlavano pi\u00f9 della sabbiera, ma dei loro interessi professionali. Nel 1995 fondarono ADM a.s. (Advanced Dental Materials), dove iniziarono a esplorare l&#8217;uso di compositi avanzati in odontoiatria. Lo sviluppo di una nuova classe di compositi ha richiesto diversi anni, ma nel 2004 \u00e8 stata presentata la prima generazione di prodotti Dentapreg.    <\/p>\n\n\n\n<p>Oggi ADM a.s. annovera tra i suoi clienti i principali dentisti di tutto il mondo e le sue linee di prodotti Dentapreg e Fibrafill aiutano i pazienti di tutti i continenti.<\/p>\n<\/div>\n<\/div>\n<\/div><\/div>\n","protected":false},"excerpt":{"rendered":"<p>Chi siamo La storia di Dentapreg\u00ae e Fibrafill\u00ae \u00e8 iniziata \u2013 tra tutti i luoghi \u2013 in un asilo nella Cecoslovacchia comunista, quando due amici stavano giocando insieme in una sabbiera. Uno di loro era Josef Jancar e l&#8217;altro Zbynek Sedivy. Passarono molti anni. Dopo la Rivoluzione di Velluto arriv\u00f2 la caduta del comunismo e [&hellip;]<\/p>\n","protected":false},"author":1,"featured_media":0,"parent":0,"menu_order":0,"comment_status":"closed","ping_status":"closed","template":"","meta":{"_uag_custom_page_level_css":"","footnotes":""},"class_list":["post-5777","page","type-page","status-publish","hentry"],"blocksy_meta":[],"uagb_featured_image_src":{"full":false,"thumbnail":false,"medium":false,"medium_large":false,"large":false,"1536x1536":false,"2048x2048":false,"woocommerce_archive_thumbnail":false,"woocommerce_thumbnail":false,"woocommerce_single":false,"woocommerce_gallery_thumbnail":false},"uagb_author_info":{"display_name":"david","author_link":"https:\/\/adm.dental\/it\/author\/david\/"},"uagb_comment_info":0,"uagb_excerpt":"Chi siamo La storia di Dentapreg\u00ae e Fibrafill\u00ae \u00e8 iniziata \u2013 tra tutti i luoghi \u2013 in un asilo nella Cecoslovacchia comunista, quando due amici stavano giocando insieme in una sabbiera. Uno di loro era Josef Jancar e l&#8217;altro Zbynek Sedivy. Passarono molti anni. Dopo la Rivoluzione di Velluto arriv\u00f2 la caduta del comunismo e&hellip;","_links":{"self":[{"href":"https:\/\/adm.dental\/it\/wp-json\/wp\/v2\/pages\/5777","targetHints":{"allow":["GET"]}}],"collection":[{"href":"https:\/\/adm.dental\/it\/wp-json\/wp\/v2\/pages"}],"about":[{"href":"https:\/\/adm.dental\/it\/wp-json\/wp\/v2\/types\/page"}],"author":[{"embeddable":true,"href":"https:\/\/adm.dental\/it\/wp-json\/wp\/v2\/users\/1"}],"replies":[{"embeddable":true,"href":"https:\/\/adm.dental\/it\/wp-json\/wp\/v2\/comments?post=5777"}],"version-history":[{"count":1,"href":"https:\/\/adm.dental\/it\/wp-json\/wp\/v2\/pages\/5777\/revisions"}],"predecessor-version":[{"id":5778,"href":"https:\/\/adm.dental\/it\/wp-json\/wp\/v2\/pages\/5777\/revisions\/5778"}],"wp:attachment":[{"href":"https:\/\/adm.dental\/it\/wp-json\/wp\/v2\/media?parent=5777"}],"curies":[{"name":"wp","href":"https:\/\/api.w.org\/{rel}","templated":true}]}}